{"id":1686,"date":"2021-11-29T09:39:22","date_gmt":"2021-11-29T02:39:22","guid":{"rendered":"https:\/\/toyotahungthinhthaibinh.com\/?post_type=product&#038;p=1686"},"modified":"2024-03-06T09:30:42","modified_gmt":"2024-03-06T02:30:42","slug":"raize","status":"publish","type":"product","link":"https:\/\/toyotahtpthaibinh.com\/?product=raize","title":{"rendered":"Raize"},"content":{"rendered":"<p><img loading=\"lazy\" decoding=\"async\" class=\"alignnone wp-image-1226 size-full\" src=\"http:\/\/toyotathanhhoa.website\/wp-content\/uploads\/2019\/08\/B2ACC2814A12F6A4865907548348B86E.jpg\" alt=\"\" width=\"1440\" height=\"600\" \/><br \/>\nToyota Vi\u1ec7t Nam ch\u00ednh th\u1ee9c ghi t\u00ean th\u00eam m\u1ed9t d\u00f2ng xe Raize t\u1ea1i th\u1ecb tr\u01b0\u1eddng Vi\u1ec7t Nam khi\u1ebfn kh\u00f4ng \u00edt ng\u01b0\u1eddi n\u1ee9c l\u00f2ng.\u00a0Toyota Raize\u00a0\u0111\u01b0\u1ee3c thi\u1ebft k\u1ebf theo theo phong c\u00e1ch m\u1ea1nh m\u1ebd v\u00e0 tinh t\u1ebf. V\u1edbi \u0111i\u1ec3m nh\u1ea5n l\u00e0 c\u00e1c \u0111\u01b0\u1eddng n\u00e9t g\u00f3c c\u1ea1nh v\u00e0 tr\u1ee5c ngang cao th\u1ec3 hi\u1ec7n s\u1ef1 kh\u1ecfe kho\u1eafn c\u1ee7a m\u1ed9t chi\u1ebfc SUV.<\/p>\n<p>Toyota Raize thu\u1ed9c ph\u00e2n kh\u00fac crossover \u0111\u00f4 th\u1ecb c\u1ee1 nh\u1ecf, h\u01b0\u1edbng \u0111\u1ebfn kh\u00e1ch h\u00e0ng tr\u1ebb tu\u1ed5i. M\u1eabu xe n\u00e0y \u0111\u01b0\u1ee3c \u0111\u1eb7t t\u00ean l\u00e0 s\u1ef1 k\u1ebft h\u1ee3p c\u1ee7a hai ch\u1eef trong ti\u1ebfng Anh l\u00e0 Rise (v\u01b0\u01a1n l\u00ean) v\u00e0 Raise (kh\u1edfi x\u01b0\u1edbng). Ng\u1ee5 \u00fd c\u00e1ch \u0111\u1eb7t t\u00ean s\u1ea3n ph\u1ea9m Raize th\u1ec3 hi\u1ec7n mong mu\u1ed1n t\u1ea1o ra m\u1ed9t m\u1eabu crossover nh\u1ecf g\u1ecdn, tr\u1ebb trung, \u0111a d\u1ee5ng v\u00e0 d\u1ec5 v\u1eadn h\u00e0nh.<\/p>\n<p>T\u1ea1i Nh\u1eadt B\u1ea3n, Toyota Raize t\u1ef1 h\u00e0o l\u00e0 m\u1eabu SUV b\u00e1n ch\u1ea1y h\u00e0ng \u0111\u1ea7u s\u1edf h\u1eefu doanh s\u1ed1 cao nh\u1ea5t t\u1ea1i x\u1ee9 s\u1edf hoa anh \u0111\u00e0o. M\u1eabu xe n\u00e0y \u0111\u00e3 b\u00e1n ra h\u01a1n 120.000 xe v\u00e0 gi\u1eef v\u1ecb tr\u00ed th\u1ee9 hai trong danh s\u00e1ch nh\u1eefng m\u1eabu xe b\u00e1n ch\u1ea1y nh\u1ea5t n\u0103m 2020.<\/p>\n<p><img loading=\"lazy\" decoding=\"async\" class=\"alignnone wp-image-1227 size-full\" src=\"http:\/\/toyotathanhhoa.website\/wp-content\/uploads\/2019\/08\/D6201E669C9277DBB24D4279E8615DA0.jpg\" alt=\"\" width=\"1440\" height=\"600\" \/><\/p>\n<p><strong>Toyota Raize<\/strong>\u00a0c\u00f3 ngo\u1ea1i h\u00ecnh vu\u00f4ng v\u1eafn, g\u00f3c c\u1ea1nh kh\u00e1c bi\u1ec7t v\u1edbi ph\u1ea7n l\u1edbn c\u00e1c m\u1eabu xe Toyota c\u00f3 thi\u1ebft k\u1ebf m\u1ec1m m\u1ea1i. Thi\u1ebft k\u1ebf xe nh\u1ecf g\u1ecdn, k\u00edch th\u01b0\u1edbc t\u1ed5ng th\u1ec3 DxRxC l\u1ea7n l\u01b0\u1ee3t l\u00e0 4030 x 1710 x 1605 mm. Raize s\u1edf h\u1eefu b\u00e1n k\u00ednh v\u00f2ng quay t\u1ed1i thi\u1ec3u \u0111\u1ea1t 5,1 m gi\u00fap xe tr\u1edf n\u00ean linh ho\u1ea1t h\u01a1n, d\u1ec5 xoay tr\u1edf trong \u0111\u00f4 th\u1ecb \u0111\u00f4ng \u0111\u00fac.<\/p>\n<p><strong><img loading=\"lazy\" decoding=\"async\" class=\"alignnone wp-image-1228 \" src=\"http:\/\/toyotathanhhoa.website\/wp-content\/uploads\/2019\/08\/51FCDE8E99A14E857D9D5F25D1E5B38C.jpg\" alt=\"\" width=\"1440\" height=\"600\" \/><\/strong><\/p>\n<p>\u1ede ph\u1ea7n \u0111\u1ea7u xe, quan s\u00e1t t\u1eeb tr\u1ef1c di\u1ec7n, Toyota Raize t\u1ea1o c\u1ea3m gi\u00e1c h\u1ea7m h\u1ed1 v\u1edbi m\u1eb7t ca l\u0103ng h\u00ecnh l\u1ee5c gi\u00e1c c\u1ee1 l\u1edbn. B\u00ean trong l\u00e0 c\u1ea5u tr\u00fac d\u1ea1ng l\u01b0\u1edbi gi\u00fap l\u00e0m m\u00e1t \u0111\u1ed9ng c\u01a1 hi\u1ec7u qu\u1ea3 nh\u1edd v\u1eady gi\u00fap t\u1ed1i \u01b0u hi\u1ec7u su\u1ea5t v\u1eadn h\u00e0nh. Raize s\u1eed d\u1ee5ng c\u1ee5m \u0111\u00e8n s\u01b0\u01a1ng m\u00f9 LED n\u1eb1m trong ph\u1ea7n \u1ed1p ch\u1eef \u201cT\u201d n\u1eb1m ngang, ph\u00eda tr\u00ean l\u00e0 c\u1ea3m bi\u1ebfn tr\u01b0\u1edbc.<img loading=\"lazy\" decoding=\"async\" class=\"alignnone wp-image-1229 size-full\" src=\"http:\/\/toyotathanhhoa.website\/wp-content\/uploads\/2019\/08\/ngoai-that-toyota-raize-11-248537j8.jpg\" alt=\"\" width=\"750\" height=\"500\" \/><\/p>\n<figure class=\"figure fluid\"><figcaption>Toyota Raize t\u1ea1o c\u1ea3m gi\u00e1c h\u1ea7m h\u1ed1 v\u1edbi m\u1eb7t ca l\u0103ng h\u00ecnh l\u1ee5c gi\u00e1c<\/figcaption><\/figure>\n<p>Thi\u1ebft k\u1ebf c\u1ee5m \u0111\u00e8n tr\u01b0\u1edbc c\u1ee7a Toyota Raize g\u00f3c c\u1ea1nh, l\u1ed3i h\u1eb3n ra ngo\u00e0i r\u1ea5t \u1ea5n t\u01b0\u1ee3ng v\u00e0 cu\u1ed1n h\u00fat. Trang b\u1ecb \u0111\u00e8n pha c\u1ee7a Toyota Raize s\u1eed d\u1ee5ng c\u00f4ng ngh\u1ec7 LED hi\u1ec7n \u0111\u1ea1i k\u00e8m t\u00ednh n\u0103ng t\u1ef1 \u0111\u1ed9ng b\u1eadt t\u1eaft. Ph\u1ea7n n\u1eafp capo c\u0169ng \u0111\u01b0\u1ee3c nh\u1ea5n nh\u00e1 b\u1edfi 2 \u0111\u01b0\u1eddng g\u00e2n d\u1eadp n\u1ed5i.<\/p>\n<p><img loading=\"lazy\" decoding=\"async\" class=\"alignnone wp-image-1230 size-full\" src=\"http:\/\/toyotathanhhoa.website\/wp-content\/uploads\/2019\/08\/ngoai-that-toyota-raize-02-248540j8.jpg\" alt=\"\" width=\"750\" height=\"500\" \/><\/p>\n<figure class=\"figure fluid\"><figcaption>Toyota Raize s\u1eed d\u1ee5ng c\u00f4ng ngh\u1ec7 LED hi\u1ec7n \u0111\u1ea1i<\/figcaption><\/figure>\n<p>Ti\u1ebfn t\u1edbi ph\u1ea7n th\u00e2n xe v\u1edbi b\u1ed9 m\u00e2m 17 inch theo phong c\u00e1ch th\u1ec3 thao l\u1edbn nh\u1ea5t ph\u00e2n kh\u00fac v\u1edbi c\u1ea5u tr\u00fac 5 ch\u1ea5u k\u00e9p d\u1ea1ng xo\u00e1y b\u1eaft m\u1eaft. Xe s\u1eed d\u1ee5ng b\u1ed9 l\u1ed1p d\u00e0y c\u00f3 th\u00f4ng s\u1ed1 205\/60R17 \u0111em l\u1ea1i tr\u1ea3i nghi\u1ec7m \u00eam \u00e1i.<\/p>\n<p><img loading=\"lazy\" decoding=\"async\" class=\"alignnone wp-image-1231 size-full\" src=\"http:\/\/toyotathanhhoa.website\/wp-content\/uploads\/2019\/08\/ngoai-that-toyota-raize-08-248534j8-1.jpg\" alt=\"\" width=\"750\" height=\"500\" \/><\/p>\n<p>B\u1ed9 m\u00e2m 17 inch theo phong c\u00e1ch th\u1ec3 thao<\/p>\n<p><img loading=\"lazy\" decoding=\"async\" class=\"alignnone wp-image-1232 size-full\" src=\"http:\/\/toyotathanhhoa.website\/wp-content\/uploads\/2019\/08\/ngoai-that-toyota-raize-12-248538j8.jpg\" alt=\"\" width=\"750\" height=\"500\" \/><\/p>\n<p>\u0110u\u00f4i xe \u0111\u01b0\u1ee3c thi\u1ebft k\u1ebf g\u00f3c c\u1ea1nh n\u1ed5i b\u1eadt<\/p>\n<p><strong>Toyota Raize<\/strong>\u00a0s\u1edf h\u1eefu khoang n\u1ed9i th\u1ea5t theo xu h\u01b0\u1edbng hi\u1ec7n \u0111\u1ea1i thay v\u00ec th\u1ef1c d\u1ee5ng m\u00e0 kh\u00e1ch h\u00e0ng v\u1eabn th\u01b0\u1eddng ngh\u0129 v\u1ec1 xe Toyota.<\/p>\n<p><img loading=\"lazy\" decoding=\"async\" class=\"alignnone wp-image-1233 size-full\" src=\"http:\/\/toyotathanhhoa.website\/wp-content\/uploads\/2019\/08\/noi-that-toyota-raize-10-248544j8.jpg\" alt=\"\" width=\"750\" height=\"500\" \/><\/p>\n<figure class=\"figure fluid\"><figcaption>N\u1ed9i th\u1ea5t theo xu h\u01b0\u1edbng hi\u1ec7n \u0111\u1ea1i<\/figcaption><\/figure>\n<p>Khoang l\u00e1i xe t\u1ea1o c\u1ea3m gi\u00e1c tho\u00e1ng \u0111\u00e3ng nh\u1edd s\u1ef1 xu\u1ea5t hi\u1ec7n c\u1ee7a c\u1eeda s\u1ed5 tr\u1eddi gi\u00fap khoang l\u00e0i tr\u1edf n\u00ean cao c\u1ea5p v\u00e0 \u0111\u00f3 c\u0169ng l\u00e0 n\u01a1i \u201cs\u1ed1ng \u1ea3o\u201d l\u00fd t\u01b0\u1edfng cho c\u00e1c b\u1ea1n tr\u1ebb n\u0103ng \u0111\u1ed9ng.<\/p>\n<p><img loading=\"lazy\" decoding=\"async\" class=\"alignnone wp-image-1234 size-full\" src=\"http:\/\/toyotathanhhoa.website\/wp-content\/uploads\/2019\/08\/noi-that-toyota-raize-07-248541j8.jpg\" alt=\"\" width=\"750\" height=\"500\" \/><\/p>\n<figure class=\"figure fluid\"><figcaption>Khoang l\u00e1i xe t\u1ea1o c\u1ea3m gi\u00e1c tho\u00e1ng \u0111\u00e3ng<\/figcaption><\/figure>\n<p>Xe \u00f4 t\u00f4 Toyota Raize \u0111\u01b0\u1ee3c trang b\u1ecb m\u00e0n h\u00ecnh c\u1ea3m \u1ee9ng k\u00edch th\u01b0\u1edbc l\u00ean t\u1edbi 9 inch nh\u00f4 cao kh\u1ecfi t\u00e1p l\u00f4 kh\u00e1 t\u01b0\u01a1ng \u0111\u1ed3ng v\u1edbi m\u1eabu xe \u0111\u00e0n anh Toyota Corolla Cross.<\/p>\n<p><img loading=\"lazy\" decoding=\"async\" class=\"alignnone wp-image-1235 size-full\" src=\"http:\/\/toyotathanhhoa.website\/wp-content\/uploads\/2019\/08\/noi-that-toyota-raize-09-248543j8.jpg\" alt=\"\" width=\"750\" height=\"500\" \/><\/p>\n<figure class=\"figure fluid\"><figcaption>M\u00e0n h\u00ecnh c\u1ea3m \u1ee9ng k\u00edch th\u01b0\u1edbc l\u00ean t\u1edbi 9 inch<\/figcaption><\/figure>\n<p>Raize s\u1eed d\u1ee5ng v\u00f4 l\u0103ng \u0111a ch\u1ee9c n\u0103ng 3 ch\u1ea5u b\u1ecdc da, \u0111\u1eb7c bi\u1ec7t l\u00e0 2 l\u1eaby chuy\u1ec3n s\u1ed1 \u0111i k\u00e8m \u1ea5n t\u01b0\u1ee3ng nh\u1ea5t ph\u00e2n kh\u00fac mang \u0111\u1ebfn c\u1ea3m gi\u00e1c l\u00e1i th\u00fa v\u1ecb. Ph\u00eda sau tay l\u00e1i s\u1ef1 xu\u1ea5t hi\u1ec7n c\u1ee7a m\u00e0n h\u00ecnh k\u1ef9 thu\u1eadt s\u1ed1 7 inch cho ph\u00e9p tu\u1ef3 ch\u1ec9nh nhi\u1ec1u ch\u1ebf \u0111\u1ed9, \u0111a th\u00f4ng tin t\u1eeb l\u1ecbch b\u1ea3o d\u01b0\u1ee1ng, sinh nh\u1eadt\u2026<\/p>\n<p><img loading=\"lazy\" decoding=\"async\" class=\"alignnone wp-image-1236 size-full\" src=\"http:\/\/toyotathanhhoa.website\/wp-content\/uploads\/2019\/08\/noi-that-toyota-raize-08-248542j8.jpg\" alt=\"\" width=\"750\" height=\"500\" \/><\/p>\n<figure class=\"figure fluid\"><figcaption>\u00a0 \u00a0 \u00a0 \u00a0 \u00a0 \u00a0 \u00a0 \u00a0 \u00a0 \u00a0 \u00a0 \u00a0 \u00a0 \u00a0 \u00a0 \u00a0 \u00a0 \u00a0 \u00a0 \u00a0 \u00a0 \u00a0 \u00a0 \u00a0V\u00f4 l\u0103ng \u0111a ch\u1ee9c n\u0103ng 3 ch\u1ea5u b\u1ecdc da<\/figcaption><\/figure>\n<p>To\u00e0n b\u1ed9 gh\u1ebf ng\u1ed3i tr\u00ean xe \u0111\u1ec1u \u0111\u01b0\u1ee3c b\u1ecdc da pha n\u1ec9, h\u00e0ng gh\u1ebf tr\u01b0\u1edbc ch\u1ec9 c\u00f3 th\u1ec3 ch\u1ec9nh c\u01a1.<\/p>\n<p>Ti\u1ebfn xu\u1ed1ng khoang h\u00e0nh kh\u00e1ch, nh\u1edd Raize c\u00f3 l\u1ee3i th\u1ebf tr\u1ee5c c\u01a1 s\u1edf d\u00e0i 2525 mm, \u201cnh\u1ec9nh\u201d h\u01a1n 25 mm so v\u1edbi \u0111\u1ed1i th\u1ee7 KIA Sonet mang \u0111\u1ebfn cho Raize kh\u00f4ng gian r\u1ed9ng r\u00e3i h\u01a1n. H\u00e0ng gh\u1ebf sau tr\u00ean Raize c\u00f3 ch\u1ed7 \u0111\u1ec3 ch\u00e2n r\u1ed9ng l\u00ean t\u1edbi 900 mm, \u0111\u1ee7 s\u1ee9c \u0111\u00e1p \u1ee9ng nhu c\u1ea7u gia \u0111\u00ecnh.<br \/>\n<img loading=\"lazy\" decoding=\"async\" class=\"alignnone wp-image-1237 size-full\" src=\"http:\/\/toyotathanhhoa.website\/wp-content\/uploads\/2019\/08\/noi-that-toyota-raize-04-248548j8.jpg\" alt=\"\" width=\"750\" height=\"500\" \/><\/p>\n<figure class=\"figure fluid\"><figcaption>H\u00e0ng gh\u1ebf sau tr\u00ean Raize c\u00f3 ch\u1ed7 \u0111\u1ec3 ch\u00e2n r\u1ed9ng<\/figcaption><\/figure>\n<p>Sau c\u00f9ng l\u00e0 kh\u00f4ng gian khoang h\u00e0nh l\u00fd, m\u1eb7c d\u00f9 ch\u1ec9 l\u00e0 m\u1eabu SUV c\u1ee1 A nh\u01b0ng Raize v\u1eabn c\u00f3 khoang h\u00e0nh l\u00fd ti\u00eau chu\u1ea9n kh\u00e1 r\u1ed9ng r\u00e3i c\u00f3 dung t\u00edch ti\u00eau chu\u1ea9n 369 l\u00edt. Khi g\u1eadp h\u00e0ng gh\u1ebf sau s\u1ebd cho ph\u00e9p m\u1edf r\u1ed9ng dung t\u00edch l\u00ean t\u1edbi 1.133 l\u00edt.<\/p>\n<p>V\u1ec1 ti\u1ec7n nghi tr\u00ean xe, Toyota Raize c\u00f3 hi\u1ec7u su\u1ea5t l\u00e0m m\u00e1t t\u1ed1t nh\u1edd \u0111\u01b0\u1ee3c trang b\u1ecb d\u00e0n \u0111i\u1ec1u ho\u00e0 t\u1ef1 \u0111\u1ed9ng, s\u1ebd ho\u00e0n h\u1ea3o h\u01a1n n\u1ebfu h\u00e0ng gh\u1ebf sau c\u00f3 th\u00eam c\u1eeda gi\u00f3. Danh s\u00e1ch h\u1ec7 th\u1ed1ng gi\u1ea3i tr\u00ed tr\u00ean Raize c\u00f2n ph\u1ea3i k\u1ec3 \u0111\u1ebfn nh\u01b0 m\u00e0n h\u00ecnh c\u1ea3m \u1ee9ng 9 inch. C\u00e1c ti\u1ec7n \u00edch k\u1ebft n\u1ed1i tr\u00ean xe bao g\u1ed3m k\u1ebft n\u1ed1i v\u1edbi smartphone, Bluetooth, USB, Apple CarPlay\/Android Auto; d\u00e0n \u00e2m thanh 6 loa; Ch\u00eca kh\u00f3a th\u00f4ng minh, kh\u1edfi \u0111\u1ed9ng b\u1eb1ng n\u00fat b\u1ea5m.<\/p>\n<p><img loading=\"lazy\" decoding=\"async\" class=\"alignnone wp-image-1238 size-full\" src=\"http:\/\/toyotathanhhoa.website\/wp-content\/uploads\/2019\/08\/noi-that-toyota-raize-01-248545j8.jpg\" alt=\"\" width=\"750\" height=\"500\" \/><\/p>\n<p id=\"VanHanh\" class=\"box-title\">V\u1eadn h\u00e0nh<\/p>\n<div class=\"detail-content\">\n<div class=\"content mb-3\">\n<p><strong>Toyota Raize<\/strong>\u00a0\u0111\u01b0\u1ee3c trang b\u1ecb \u0111\u1ed9ng c\u01a1 x\u0103ng t\u0103ng \u00e1p 1.0L, 3 xy-lanh, c\u00f4ng su\u1ea5t \u0111\u1ea1t m\u1ee9c 98 m\u00e3 l\u1ef1c t\u1ea1i 6.000 v\u00f2ng\/ph\u00fat v\u00e0 m\u00f4-men xo\u1eafn c\u1ef1c \u0111\u1ea1i 140 Nm t\u1ea1i d\u00e3y v\u00f2ng tua 2.400-4.000 v\u00f2ng\/ph\u00fat. To\u00e0n b\u1ed9 s\u1ee9c m\u1ea1nh \u0111\u01b0\u1ee3c truy\u1ec1n xu\u1ed1ng h\u1ec7 d\u1eabn \u0111\u1ed9ng c\u1ea7u tr\u01b0\u1edbc th\u00f4ng qua h\u1ed9p s\u1ed1 v\u00f4 c\u1ea5p CVT.<\/p>\n<p>Toyota Raize v\u1edbi l\u1ee3i th\u1ebf s\u1eed d\u1ee5ng \u0111\u1ed9ng c\u01a1 t\u0103ng \u00e1p v\u00e0 2 l\u1eaby chuy\u1ec3n s\u1ed1 sau v\u00f4 l\u0103ng s\u1ebd mang l\u1ea1i tr\u1ea3i nghi\u1ec7m l\u00e1i th\u00fa v\u1ecb. Xe c\u00f2n c\u00f3 \u01b0u \u0111i\u1ec3m g\u1ea7m cao 200 mm cho ph\u00e9p th\u00edch nghi t\u1ed1t v\u1edbi \u0111i\u1ec1u ki\u1ec7n \u0111\u01b0\u1eddng s\u00e1 t\u1ea1i Vi\u1ec7t Nam, nh\u1ea5t l\u00e0 v\u00e0o m\u00f9a m\u01b0a.<\/p>\n<p>Raixe c\u00f2n \u0111\u01b0\u1ee3c \u0111\u00e1nh gi\u00e1 cao v\u1ec1 hi\u1ec7u qu\u1ea3 gi\u1ea3m x\u00f3c trong t\u1ea7m gi\u00e1 nh\u1edd s\u1eed d\u1ee5ng h\u1ec7 th\u1ed1ng treo tr\u01b0\u1edbc\/sau d\u1ea1ng Mc Pherson\/Ph\u1ee5 thu\u1ed9c ki\u1ec3u d\u1ea7m xo\u1eafn.<\/p>\n<\/div>\n<\/div>\n<div class=\"detail-content\">\n<div class=\"content mb-3\">\n<p>C\u00e1c trang b\u1ecb an to\u00e0n c\u00f3 m\u1eb7t tr\u00ean\u00a0<strong>Toyota Raize<\/strong>\u00a0bao g\u1ed3m:<\/p>\n<ul>\n<li>6 t\u00fai kh\u00ed<\/li>\n<li>H\u1ec7 th\u1ed1ng ch\u1ed1ng b\u00f3 c\u1ee9ng phanh ABS<\/li>\n<li>H\u1ec7 th\u1ed1ng ph\u00e2n ph\u1ed1i l\u1ef1c phanh \u0111i\u1ec7n t\u1eed EBD<\/li>\n<li>H\u1ec7 th\u1ed1ng c\u00e2n b\u1eb1ng \u0111i\u1ec7n t\u1eed VSC<\/li>\n<li>H\u1ec7 th\u1ed1ng ki\u1ec3m so\u00e1t l\u1ef1c k\u00e9o<\/li>\n<li>H\u1ec7 th\u1ed1ng h\u1ed7 tr\u1ee3 kh\u1edfi h\u00e0nh ngang d\u1ed1c HAC<\/li>\n<li>H\u1ec7 th\u1ed1ng c\u1ea3nh b\u00e1o \u0111i\u1ec3m m\u00f9 BSM<\/li>\n<li>H\u1ec7 th\u1ed1ng c\u1ea3nh b\u00e1o ph\u01b0\u01a1ng ti\u1ec7n c\u1eaft ngang ph\u00eda sau RCTA<\/li>\n<li>H\u1ec7 th\u1ed1ng c\u1ea3m bi\u1ebfn tr\u01b0\u1edbc\/sau<\/li>\n<li>Camera l\u00f9i<\/li>\n<li>Kh\u00f3a c\u1eeda theo t\u1ed1c \u0111\u1ed9<\/li>\n<\/ul>\n<\/div>\n<\/div>\n","protected":false},"excerpt":{"rendered":"<p class=\"namedt\" style=\"margin: 0cm;\"><strong>TOYOTA RAIZE \u2013 CHINH PH\u1ee4C M\u1eccI G\u00d3C \u0110\u1ed8<\/strong><\/p>\n<p style=\"margin: 0cm;\"><strong><span style=\"color: #ed1c24;\">498.000.000 VN\u0110<\/span><\/strong><\/p>\n","protected":false},"featured_media":1687,"comment_status":"closed","ping_status":"closed","template":"","meta":[],"product_brand":[],"product_cat":[160],"product_tag":[179,176,178,177],"class_list":{"0":"post-1686","1":"product","2":"type-product","3":"status-publish","4":"has-post-thumbnail","6":"product_cat-xe-nhap-khau","7":"product_tag-crossover","8":"product_tag-raize","9":"product_tag-toyota-hung-thinh","10":"product_tag-toyota-thai-binh","12":"first","13":"instock","14":"shipping-taxable","15":"product-type-simple"},"_links":{"self":[{"href":"https:\/\/toyotahtpthaibinh.com\/index.php?rest_route=\/wp\/v2\/product\/1686","targetHints":{"allow":["GET"]}}],"collection":[{"href":"https:\/\/toyotahtpthaibinh.com\/index.php?rest_route=\/wp\/v2\/product"}],"about":[{"href":"https:\/\/toyotahtpthaibinh.com\/index.php?rest_route=\/wp\/v2\/types\/product"}],"replies":[{"embeddable":true,"href":"https:\/\/toyotahtpthaibinh.com\/index.php?rest_route=%2Fwp%2Fv2%2Fcomments&post=1686"}],"wp:featuredmedia":[{"embeddable":true,"href":"https:\/\/toyotahtpthaibinh.com\/index.php?rest_route=\/wp\/v2\/media\/1687"}],"wp:attachment":[{"href":"https:\/\/toyotahtpthaibinh.com\/index.php?rest_route=%2Fwp%2Fv2%2Fmedia&parent=1686"}],"wp:term":[{"taxonomy":"product_brand","embeddable":true,"href":"https:\/\/toyotahtpthaibinh.com\/index.php?rest_route=%2Fwp%2Fv2%2Fproduct_brand&post=1686"},{"taxonomy":"product_cat","embeddable":true,"href":"https:\/\/toyotahtpthaibinh.com\/index.php?rest_route=%2Fwp%2Fv2%2Fproduct_cat&post=1686"},{"taxonomy":"product_tag","embeddable":true,"href":"https:\/\/toyotahtpthaibinh.com\/index.php?rest_route=%2Fwp%2Fv2%2Fproduct_tag&post=1686"}],"curies":[{"name":"wp","href":"https:\/\/api.w.org\/{rel}","templated":true}]}}