{"id":1600,"date":"2021-04-27T15:28:56","date_gmt":"2021-04-27T08:28:56","guid":{"rendered":"https:\/\/toyotahungthinhthaibinh.com\/?post_type=product&#038;p=1600"},"modified":"2022-09-10T16:07:10","modified_gmt":"2022-09-10T09:07:10","slug":"land-cruiser-prado","status":"publish","type":"product","link":"https:\/\/toyotahtpthaibinh.com\/?product=land-cruiser-prado","title":{"rendered":"Land Cruiser Prado"},"content":{"rendered":"<p>Toyota Land Cruiser Prado VX \u0111\u01b0\u1ee3c gi\u1edbi thi\u1ec7u t\u1ea1i Vi\u1ec7t Nam b\u1ed5 sung th\u00eam g\u00f3i c\u00f4ng ngh\u1ec7 an to\u00e0n Toyota Safety Sense, n\u00e2ng c\u1ea5p h\u1ec7 th\u1ed1ng \u00e2m thanh 14 loa JBL. \u0110\u1ed3ng th\u1eddi, gi\u00e1 b\u00e1n c\u1ee7a xe c\u0169ng t\u0103ng kho\u1ea3ng 170 tri\u1ec7u l\u00ean m\u1ee9c 2,548 t\u1ef7 \u0111\u1ed3ng cho c\u00e1c m\u00e0u ti\u00eau chu\u1ea9n v\u00e0 2,559 t\u1ef7 \u0111\u1ed3ng v\u1edbi m\u00e0u tr\u1eafng ng\u1ecdc trai.<\/p>\n<p><img decoding=\"async\" src=\"https:\/\/cdn.gianhangvn.com\/image\/ngoai-that-toyota-land-cruiser-prado-vx-04-245044j8-r0eqpqf.jpg\" \/><\/p>\n<p>B\u1ea3ng gi\u00e1 Toyota Land Cruiser Prado VX (M\u00e1y x\u0103ng) th\u00e1ng 11-2022<\/p>\n<table class=\"table table-bordered\">\n<tbody>\n<tr>\n<th>GI\u00c1 NI\u00caM Y\u1ebeT<\/th>\n<th>GI\u00c1 \u01afU \u0110\u00c3I<\/th>\n<\/tr>\n<tr>\n<td>2.548.000.000<\/td>\n<td>Li\u00ean h\u1ec7 tr\u1ef1c ti\u1ebfp<\/td>\n<\/tr>\n<\/tbody>\n<\/table>\n<p>Ngo\u1ea1i th\u1ea5t<\/p>\n<p>T\u1ed5ng th\u1ec3\u00a0<strong>Toyota Land Cruiser Prado VX<\/strong>\u00a0kh\u00f4ng c\u00f3 qu\u00e1 nhi\u1ec1u \u0111i\u1ec3m thay \u0111\u1ed5i so v\u1edbi tr\u01b0\u1edbc, xe v\u1eabn s\u1edf h\u1eefu thi\u1ebft k\u1ebf kh\u00e1 \u0111\u01a1n gi\u1ea3n. Th\u1eadm ch\u00ed n\u1ebfu ch\u1ec9 quan s\u00e1t tho\u00e1ng qua ph\u1ea7n ngo\u1ea1i th\u1ea5t s\u1ebd r\u1ea5t kh\u00f3 nh\u1eadn bi\u1ebft \u0111\u00e2y l\u00e0 b\u1ea3n xe n\u00e2ng c\u1ea5p v\u00ec g\u1ea7n nh\u01b0 kh\u00f4ng thay \u0111\u1ed5i.<\/p>\n<p><img decoding=\"async\" src=\"https:\/\/cdn.gianhangvn.com\/image\/ngoai-that-toyota-land-cruiser-prado-vx-01-245046j8-ocnapqh.jpg\" \/><\/p>\n<p>\u1ede ph\u1ea7n \u0111\u1ea7u xe s\u1edf h\u1eefu phong c\u00e1ch \u0111\u1eb7c tr\u01b0ng v\u1edbi trang b\u1ecb l\u01b0\u1edbi t\u1ea3n nhi\u1ec7t d\u1ea1ng thanh d\u1ecdc to b\u1ea3n. Thi\u1ebft k\u1ebf c\u1ee5m \u0111\u00e8n chi\u1ebfu s\u00e1ng lo\u1ea1i b\u00f3ng LED Projector v\u1edbi t\u00ednh n\u0103ng t\u1ef1 \u0111\u1ed9ng.<\/p>\n<p><img decoding=\"async\" src=\"https:\/\/cdn.gianhangvn.com\/image\/ngoai-that-toyota-land-cruiser-prado-vx-02-245047j8-onwxpqi.jpg\" \/><\/p>\n<p>Ph\u1ea7n h\u00f4ng xe Land Cruiser th\u1ebf m\u1edbi n\u1ed5i b\u1eadt v\u1edbi lazang n\u00e2ng c\u1ea5p n\u1ed5i b\u1eadt 19inch 6 ch\u1ea5u k\u00e9p t\u1ea1o h\u00ecnh ch\u1eef V phay b\u00f3ng v\u00e0 \u0111\u00f3 c\u0169ng l\u00e0 thay \u0111\u1ed5i d\u1ec5 nh\u1eadn bi\u1ebft nh\u1ea5t tr\u00ean ngo\u1ea1i h\u00ecnh xe. G\u01b0\u01a1ng chi\u1ebfu h\u1eadu b\u00ean ngo\u00e0i c\u00f9ng m\u00e0u th\u00e2n xe, b\u1ea3n n\u00e2ng c\u1ea5p l\u1ea7n n\u00e0y b\u1ed5 sung th\u00eam \u0111\u00e8n ch\u00e0o m\u01b0ng v\u00e0 t\u1ef1 \u0111\u1ed9ng \u0111i\u1ec1u ch\u1ec9nh khi l\u00f9i.<\/p>\n<p><img decoding=\"async\" src=\"https:\/\/cdn.gianhangvn.com\/image\/ngoai-that-toyota-land-cruiser-prado-vx-03-245043j8-rimvpqj.jpg\" \/><\/p>\n<p>Ti\u1ebfn xu\u1ed1ng ph\u1ea7n \u0111u\u00f4i xe kh\u00f4ng c\u00f3 g\u00ec kh\u00e1c bi\u1ec7t so v\u1edbi b\u1ea3n ti\u1ec1n nhi\u1ec7m, n\u1ed5i b\u1eadt nh\u1ea5t l\u00e0 c\u1ee5m \u0111\u00e8n h\u1eadu LED g\u1ed3m 2 ch\u1eef \u201cC\u201d x\u1ebfp t\u1ea7ng m\u1ed7i b\u00ean \u0111\u1ed9c \u0111\u00e1o. Ngay trung t\u00e2m n\u1ed5i b\u1eadt v\u1edbi thanh n\u1eb9p crom to b\u1ea3n c\u00f3 kh\u1eafc d\u00f2ng ch\u1eef \u201cLAND CRUISER PRADO\u201d c\u0169ng g\u00fap t\u0103ng y\u1ebfu t\u1ed1 nh\u1eadn di\u1ec7n th\u01b0\u01a1ng hi\u1ec7u xe.<\/p>\n<p><img decoding=\"async\" src=\"https:\/\/cdn.gianhangvn.com\/image\/ngoai-that-toyota-land-cruiser-prado-vx-05-245045j8-9nxypqk.jpg\" \/><\/p>\n<p><strong>N\u1ed9i th\u1ea5t<\/strong><\/p>\n<p>N\u1ed9i th\u1ea5t xe\u00a0<strong>Toyota Land Cruiser Prado VX<\/strong>\u00a0kh\u00f4ng qu\u00e1 hi\u1ec7n \u0111\u1ea1i, sang tr\u1ecdng nh\u01b0 c\u00e1c m\u1eabu SUV h\u1ea1ng sang c\u00f9ng t\u1ea7m gi\u00e1. Nh\u01b0ng b\u00f9 l\u1ea1i kh\u00f4ng gian b\u00ean trong xe r\u1ea5t r\u1ed9ng r\u00e3i, t\u1ea1o c\u1ea3m gi\u00e1c tho\u1ea3i m\u00e1i cho h\u00e0nh kh\u00e1ch.<\/p>\n<p><img decoding=\"async\" src=\"https:\/\/cdn.gianhangvn.com\/image\/noi-that-toyota-land-cruiser-prado-vx-05-245053j8-20nwpql.jpg\" \/><\/p>\n<p>\u1ede khoang l\u00e1i xe, b\u1ea1n kh\u00f4ng c\u1ea7n d\u00f9ng ch\u00eca kho\u00e1 c\u01a1 \u0111\u1ec3 \u0111\u1ec1 n\u1ed5 \u0111\u1ed9ng c\u01a1 nh\u01b0 tr\u01b0\u1edbc. B\u1edfi m\u1eabu xe n\u00e0y \u0111\u00e3 \u0111\u01b0\u1ee3c b\u1ed5 sung ch\u00eca kho\u00e1 th\u00f4ng minh v\u00e0 t\u00ednh n\u0103ng kh\u1edfi \u0111\u1ed9ng b\u1eb1ng n\u00fat b\u1ea5m hi\u1ec7n \u0111\u1ea1i. Trang b\u1ecb n\u00e0y kh\u00f4ng qu\u00e1 m\u1edbi m\u1ebb v\u00e0 \u0111\u1eaft gi\u00e1 nh\u01b0ng \u0111\u00e3 ph\u1ea7n n\u00e0o t\u0103ng c\u01b0\u1eddng tr\u1ea3i nghi\u1ec7m ng\u01b0\u1eddi d\u00f9ng.<\/p>\n<p>Xe Land Cruiser th\u1ebf h\u1ec7 m\u1edbi \u0111\u01b0\u1ee3c trang b\u1ecb v\u00f4 l\u0103ng \u0111a ch\u1ee9c n\u0103ng 4 ch\u1ea5u b\u1ecdc da, \u0111i\u1ec1u ch\u1ec9nh 4 h\u01b0\u1edbng. \u0110\u1eb7c bi\u1ec7t ph\u00eda sau xe c\u00f2n c\u00f3 2 l\u1eaby chuy\u1ec3n s\u1ed1 mang \u0111\u1ebfn c\u1ea3m gi\u00e1c l\u00e1i th\u00fa v\u1ecb h\u01a1n.<\/p>\n<p><img decoding=\"async\" src=\"https:\/\/cdn.gianhangvn.com\/image\/noi-that-toyota-land-cruiser-prado-vx-02-245050j8-9ng1pqm.jpg\" \/><\/p>\n<p><img decoding=\"async\" src=\"https:\/\/cdn.gianhangvn.com\/image\/noi-that-toyota-land-cruiser-prado-vx-02-245050j8-2hyhpqn.jpg\" \/><\/p>\n<p>To\u00e0n b\u1ed9 gh\u1ebf ng\u1ed3i tr\u00ean xe \u0111\u1ec1u \u0111\u01b0\u1ee3c b\u1ecdc da, h\u00e0ng gh\u1ebf tr\u01b0\u1edbc t\u00edch h\u1ee3p t\u00ednh n\u0103ng s\u01b0\u1edfi \u1ea5m, th\u00f4ng gi\u00f3 hi\u1ec7n \u0111\u1ea1i. Gh\u1ebf l\u00e1i c\u1ee7a xe c\u00f3 kh\u1ea3 n\u0103ng ch\u1ec9nh \u0111i\u1ec7n 8 h\u01b0\u1edbng c\u00f2n gh\u1ebf ph\u1ee5 c\u00f3 th\u1ec3 ch\u1ec9nh \u0111i\u1ec7n 8 h\u01b0\u1edbng.<\/p>\n<p><img decoding=\"async\" src=\"https:\/\/cdn.gianhangvn.com\/image\/noi-that-toyota-land-cruiser-prado-vx-06-245048j8-rhjupqp.jpg\" \/><\/p>\n<p>Khoang h\u00e0nh kh\u00e1ch thi\u1ebft k\u1ebf tho\u00e1ng \u0111\u00e3ng r\u1ed9ng r\u00e3i nh\u1edd l\u1ee3i th\u1ebf tr\u1ee5c c\u01a1 s\u1edf d\u00e0i 2790. H\u00e0ng gh\u1ebf th\u1ee9 2 \u0111\u01b0\u1ee3c trang b\u1ecb \u0111\u1ea7y \u0111\u1ee7 3 t\u1ef1a \u0111\u1ea7u, b\u1ec7 t\u1ef3 tay c\u1ee1 l\u1edbn v\u00e0 c\u1eeda gi\u00f3 \u0111i\u1ec1u ho\u00e0 ri\u00eang gi\u00fap gi\u1ea3m b\u1edbt m\u1ec7t m\u1ecfi khi \u0111i xa.<\/p>\n<p>Khoang h\u00e0nh l\u00fd c\u1ee7a xe Land Cruiser cho ph\u00e9p kh\u00e1ch h\u00e0ng ch\u1ee7 \u0111\u1ed9ng m\u1edf r\u1ed9ng b\u1eb1ng c\u00e1ch g\u1eadp h\u00e0ng gh\u1ebf 3 v\u00e0 2 theo t\u1ef7 l\u1ec7 l\u1ea7n l\u01b0\u1ee3t l\u00e0 50:50 v\u00e0 40:20:40.<\/p>\n<p><img decoding=\"async\" src=\"https:\/\/cdn.gianhangvn.com\/image\/noi-that-toyota-land-cruiser-prado-vx-01-245049j8-b4yxpqq.jpg\" \/><\/p>\n<p>Land Cruiser Prado c\u00f3 kh\u1ea3 n\u0103ng l\u00e0m m\u00e1t nhanh v\u00e0 s\u00e2u nh\u1edd ti\u1ebfp t\u1ee5c s\u1eed d\u1ee5ng d\u00e0n \u0111i\u1ec1u ho\u00e0 t\u1ef1 \u0111\u1ed9ng t\u1ef1 \u0111\u1ed9ng 3 v\u00f9ng \u0111\u1ed9c l\u1eadp k\u1ebft h\u1ee3p c\u00f9ng c\u00e1c c\u1eeda gi\u00f3 h\u00e0ng gh\u1ebf sau.<\/p>\n<p>C\u00e1c trang b\u1ecb ti\u1ec7n nghi tr\u00ean Land Cruiser Prado c\u0169ng \u0111\u01b0\u1ee3c t\u0103ng c\u01b0\u1eddng v\u1edbi d\u00e0n \u00e2m thanh m\u1edbi g\u1ed3m 14 loa JBL thay th\u1ebf d\u00e0n \u00e2m thanh 9 loa th\u01b0\u1eddng. Xe c\u00f2n c\u00f3 c\u00e1c t\u00ednh n\u0103ng quen thu\u1ed9c nh\u01b0:<\/p>\n<ul>\n<li>M\u00e0n h\u00ecnh c\u1ea3m \u1ee9ng 8 inch<\/li>\n<li>\u0110\u1ea7u DVD<\/li>\n<li>K\u1ebft n\u1ed1i USB, AUX, Bluetooth, \u0111\u00e0m tho\u1ea1i r\u1ea3nh tay, \u0111i\u1ec7n tho\u1ea1i th\u00f4ng minh<\/li>\n<li>H\u1ed9p l\u00e0m m\u00e1t<\/li>\n<li>Ch\u00eca kh\u00f3a th\u00f4ng minh v\u00e0 kh\u1edfi \u0111\u1ed9ng b\u1eb1ng n\u00fat b\u1ea5m<\/li>\n<\/ul>\n<p>V\u1eadn h\u00e0nh<\/p>\n<p><strong>Toyota Land Cruiser Prado VX<\/strong>\u00a0s\u1eed d\u1ee5ng \u0111\u1ed9ng c\u01a1 X\u0103ng 2.7L, 2TR-FE, 4 xi lanh th\u1eb3ng h\u00e0ng, 16 van, DOHC. C\u1ed7 m\u00e1y tr\u00ean c\u00f3 kh\u1ea3 n\u0103ng s\u1ea3n sinh c\u00f4ng su\u1ea5t t\u1ed1i \u0111a 164 m\u00e3 l\u1ef1c t\u1ea1i 5200 v\u00f2ng\/ph\u00fat, m\u00f4 men xo\u1eafn c\u1ef1c \u0111\u1ea1i 246 Nm t\u1ea1i 3900 v\u00f2ng\/ph\u00fat. \u0110i k\u00e8m l\u00e0 h\u1ed9p s\u1ed1 t\u1ef1 \u0111\u1ed9ng 6 c\u1ea5p v\u00e0 h\u1ec7 d\u1eabn \u0111\u1ed9ng 4 b\u00e1nh to\u00e0n th\u1eddi gian.<\/p>\n<p>\u0110\u1ed9ng c\u01a1 c\u1ee7a xe Land Cruiser Prado \u0111\u1ea1t ti\u00eau chu\u1ea9n kh\u00ed th\u1ea3i Euro 5. \u0110\u1ed3ng th\u1eddi \u0111\u01b0\u1ee3c t\u00edch h\u1ee3p h\u1ec7 th\u1ed1ng c\u1ea3m bi\u1ebfn OBD \u0111\u1ec3 ki\u1ec3m so\u00e1t m\u1ee9c kh\u00ed th\u1ea3i.<\/p>\n<p>Xe \u00f4 t\u00f4 Land Cruiser Prado c\u00f3 kh\u1ea3 n\u0103ng l\u1ed9i n\u01b0\u1edbc t\u1ed1t b\u1eadc nh\u1ea5t ph\u00e2n kh\u00fac v\u1edbi l\u1ee3i th\u1ebf kho\u1ea3ng s\u00e1ng g\u1ea7m cao 215 mm, kh\u1ea3 n\u0103ng l\u1ed9i n\u01b0\u1edbc l\u00ean t\u1edbi 700 mm. Xe c\u00f2n c\u00f3 kh\u1ea3 n\u0103ng off-road t\u1ed1t nh\u1edd c\u00f3 nhi\u1ec1u t\u00ednh n\u0103ng h\u1ed7 tr\u1ee3, trong \u0111\u00f3 c\u00f3 h\u1ec7 th\u1ed1ng g\u00e0i c\u1ea7u \u0111i\u1ec7n v\u00e0 kh\u00f3a vi sai trung t\u00e2m.<\/p>\n<p>Khi di chuy\u1ec3n tr\u00ean \u0111\u01b0\u1eddng on-road, Land Cruiser Prado v\u1eadn h\u00e0nh \u00eam \u00e1i nh\u1edd s\u1eed d\u1ee5ng d\u00e0n treo tr\u01b0\u1edbc\/sau d\u1ea1ng \u0111\u1ed9c l\u1eadp, tay \u0111\u00f2n k\u00e9p\/Ph\u1ee5 thu\u1ed9c, li\u00ean k\u1ebft \u0111a \u0111i\u1ec3m.<\/p>\n<p>V\u1ec1 m\u1ee9c ti\u00eau hao nhi\u00ean li\u1ec7u, Toyota c\u00f4ng b\u1ed1 Land Cruiser Prado c\u00f3 m\u1ee9c ti\u00eau hao nhi\u00ean li\u1ec7u trong \u0111\u00f4 th\u1ecb, ngo\u00e0i \u0111\u00f4 th\u1ecb, k\u1ebft h\u1ee3p l\u1ea7n l\u01b0\u1ee3t l\u00e0 15,34L\/100km, 9,85L\/100km, 11,85L\/100km.<\/p>\n<p>An to\u00e0n<\/p>\n<p>H\u1ec7 th\u1ed1ng an to\u00e0n tr\u00ean xe oto\u00a0<strong>Toyota Land Cruiser Prado VX<\/strong>\u00a0g\u1ed3m:<\/p>\n<ul>\n<li>7 t\u00fai kh\u00ed<\/li>\n<li>C\u1ea3nh b\u00e1o ti\u1ec1n va ch\u1ea1m (PCS)<\/li>\n<li>C\u1ea3nh b\u00e1o ch\u1ec7ch l\u00e0n \u0111\u01b0\u1eddng (LDA)<\/li>\n<li>\u0110i\u1ec1u khi\u1ec3n h\u00e0nh tr\u00ecnh ch\u1ee7 \u0111\u1ed9ng (DRCC)<\/li>\n<li>\u0110\u00e8n chi\u1ebfu xa t\u1ef1 \u0111\u1ed9ng (AHB)<\/li>\n<li>H\u1ec7 th\u1ed1ng ch\u1ed1ng b\u00f3 c\u1ee9ng phanh (ABS)<\/li>\n<li>H\u1ec7 th\u1ed1ng h\u1ed7 tr\u1ee3 l\u1ef1c phanh kh\u1ea9n c\u1ea5p (BA)<\/li>\n<li>H\u1ec7 th\u1ed1ng ph\u00e2n ph\u1ed1i l\u1ef1c phanh \u0111i\u1ec7n t\u1eed (EBD)<\/li>\n<li>H\u1ec7 th\u1ed1ng c\u00e2n b\u1eb1ng \u0111i\u1ec7n t\u1eed (VSC)<\/li>\n<li>H\u1ec7 th\u1ed1ng ki\u1ec3m so\u00e1t l\u1ef1c k\u00e9o (TRC)<\/li>\n<li>H\u1ec7 th\u1ed1ng c\u1ea3nh b\u00e1o ph\u01b0\u01a1ng ti\u1ec7n c\u1eaft ngang ph\u00eda sau<\/li>\n<li>H\u1ec7 th\u1ed1ng c\u1ea3nh b\u00e1o \u00e1p su\u1ea5t l\u1ed1p (TPMS)<\/li>\n<li>\u0110\u00e8n b\u00e1o phanh kh\u1ea9n c\u1ea5p (EBS)<\/li>\n<li>H\u1ec7 th\u1ed1ng c\u1ea3nh b\u00e1o \u0111i\u1ec3m m\u00f9 (BSM)<\/li>\n<li>Camera 360 \u0111\u1ed9<\/li>\n<li>C\u1ea3m bi\u1ebfn h\u1ed7 tr\u1ee3 \u0111\u1ed7 xe<\/li>\n<li>Khung xe GOA<\/li>\n<li>D\u00e2y \u0111ai an to\u00e0n 3 \u0111i\u1ec3m ELR, 7 v\u1ecb tr\u00ed<\/li>\n<li>Gh\u1ebf c\u00f3 c\u1ea5u tr\u00fac gi\u1ea3m ch\u1ea5n th\u01b0\u01a1ng c\u1ed5<\/li>\n<li>C\u1ed9t l\u00e1i t\u1ef1 \u0111\u1ed5<\/li>\n<li>B\u00e0n \u0111\u1ea1p phanh t\u1ef1 \u0111\u1ed5<\/li>\n<\/ul>\n","protected":false},"excerpt":{"rendered":"<p><strong>Land Cruiser Prado<\/strong><br \/>\n<span style=\"color: #ed1c24;\"><strong>2,588,000,000 VN\u0110<\/strong><\/span><\/p>\n","protected":false},"featured_media":1601,"comment_status":"closed","ping_status":"closed","template":"","meta":[],"product_brand":[],"product_cat":[160],"product_tag":[171],"class_list":{"0":"post-1600","1":"product","2":"type-product","3":"status-publish","4":"has-post-thumbnail","6":"product_cat-xe-nhap-khau","7":"product_tag-land-cruiser-prado","9":"first","10":"instock","11":"shipping-taxable","12":"product-type-simple"},"_links":{"self":[{"href":"https:\/\/toyotahtpthaibinh.com\/index.php?rest_route=\/wp\/v2\/product\/1600","targetHints":{"allow":["GET"]}}],"collection":[{"href":"https:\/\/toyotahtpthaibinh.com\/index.php?rest_route=\/wp\/v2\/product"}],"about":[{"href":"https:\/\/toyotahtpthaibinh.com\/index.php?rest_route=\/wp\/v2\/types\/product"}],"replies":[{"embeddable":true,"href":"https:\/\/toyotahtpthaibinh.com\/index.php?rest_route=%2Fwp%2Fv2%2Fcomments&post=1600"}],"wp:featuredmedia":[{"embeddable":true,"href":"https:\/\/toyotahtpthaibinh.com\/index.php?rest_route=\/wp\/v2\/media\/1601"}],"wp:attachment":[{"href":"https:\/\/toyotahtpthaibinh.com\/index.php?rest_route=%2Fwp%2Fv2%2Fmedia&parent=1600"}],"wp:term":[{"taxonomy":"product_brand","embeddable":true,"href":"https:\/\/toyotahtpthaibinh.com\/index.php?rest_route=%2Fwp%2Fv2%2Fproduct_brand&post=1600"},{"taxonomy":"product_cat","embeddable":true,"href":"https:\/\/toyotahtpthaibinh.com\/index.php?rest_route=%2Fwp%2Fv2%2Fproduct_cat&post=1600"},{"taxonomy":"product_tag","embeddable":true,"href":"https:\/\/toyotahtpthaibinh.com\/index.php?rest_route=%2Fwp%2Fv2%2Fproduct_tag&post=1600"}],"curies":[{"name":"wp","href":"https:\/\/api.w.org\/{rel}","templated":true}]}}