{"id":1592,"date":"2021-04-27T15:26:48","date_gmt":"2021-04-27T08:26:48","guid":{"rendered":"https:\/\/toyotahungthinhthaibinh.com\/?post_type=product&#038;p=1592"},"modified":"2022-09-10T16:08:39","modified_gmt":"2022-09-10T09:08:39","slug":"land-cruiser","status":"publish","type":"product","link":"https:\/\/toyotahtpthaibinh.com\/?product=land-cruiser","title":{"rendered":"Land Cruiser"},"content":{"rendered":"<p>Toyota Land Cruiser th\u1ebf h\u1ec7 m\u1edbi s\u1eed d\u1ee5ng n\u1ec1n t\u1ea3ng khung g\u1ea7m TNGA, \u0111\u1ed9ng c\u01a1 3.5 V6 t\u0103ng \u00e1p, g\u00f3i c\u00f4ng ngh\u1ec7 an to\u00e0n TSS, b\u00e1n t\u1ea1i Vi\u1ec7t Nam t\u1eeb 5\/8.<\/p>\n<p>Land Cruiser th\u1ebf h\u1ec7 m\u1edbi \u0111\u01b0\u1ee3c thi\u1ebft k\u1ebf v\u00e0 k\u1ebf th\u1eeba t\u1eeb d\u00f2ng 200 \u0111\u01b0\u1ee3c ra m\u1eaft v\u00e0o n\u0103m 2007. L\u00e0 s\u1ea3n ph\u1ea9m ch\u1ee7 l\u1ef1c c\u1ee7a d\u00f2ng Land Cruiser, phi\u00ean b\u1ea3n m\u1edbi \u0111\u01b0\u1ee3c ph\u00e1t tri\u1ec3n tr\u00ean n\u1ec1n t\u1ea3ng TNGA (Toyota New Global Architecture) g\u00f3p ph\u1ea7n gi\u1ea3m tr\u1ecdng l\u01b0\u1ee3ng xe, h\u1ea1 th\u1ea5p tr\u1ecdng t\u00e2m.<\/p>\n<p><img decoding=\"async\" src=\"https:\/\/cdn.gianhangvn.com\/image\/toyota-land-cruiser-2022-1-oouto5o.jpg\" alt=\"\" \/><\/p>\n<p>&nbsp;<\/p>\n<h2 class=\"detail-content-title\">Ngo\u1ea1i th\u1ea5t<\/h2>\n<p>Toyota Land Cruiser 2022 c\u00f3 th\u00f4ng s\u1ed1 d\u00e0i x r\u1ed9ng x cao l\u1ea7n l\u01b0\u1ee3t l\u00e0 4.990 mm x 1.980 mm x 1.945 mm, chi\u1ec1u d\u00e0i c\u01a1 s\u1edf 2.850 mm. K\u00edch th\u01b0\u1edbc n\u00e0y t\u01b0\u01a1ng \u0111\u1ed3ng th\u1ebf h\u1ec7 c\u0169 nh\u01b0ng tr\u1ecdng l\u01b0\u1ee3ng Land Cruiser (kh\u00f4ng t\u1ea3i 2,47-2,57 t\u1ea5n) nh\u1eb9 h\u01a1n, tr\u1ecdng t\u00e2m th\u1ea5p h\u01a1n th\u1ebf h\u1ec7 c\u0169.<\/p>\n<p><img decoding=\"async\" src=\"https:\/\/cdn.gianhangvn.com\/image\/toyota-land-cruiser-2022-6-90rto5h.jpg\" alt=\"\" \/><\/p>\n<p>\u1ede ph\u1ea7n \u0111\u1ea9u xe, Toyota Land Cruiser 2022 c\u00f3 m\u1eb7t ca-l\u0103ng thay \u0111\u1ed5i v\u1edbi c\u00e1c thanh ngang kh\u1ecfe kho\u1eafn h\u01a1n, th\u00e0nh th\u1ecb h\u01a1n.<\/p>\n<p><img decoding=\"async\" src=\"https:\/\/cdn.gianhangvn.com\/image\/toyota-land-cruiser-2022-15-or40o5m.jpg\" alt=\"\" \/><\/p>\n<p>T\u1ea5t c\u1ea3 \u0111\u00e8n chi\u1ebfu s\u00e1ng tr\u00ean xe \u0111\u1ec1u d\u1ea1ng LED. \u0110\u00e8n pha k\u00e8m d\u1ea3i \u0111\u1ecbnh v\u1ecb v\u00e0 t\u00ednh n\u0103ng c\u00e2n b\u1eb1ng g\u00f3c chi\u1ebfu khi v\u00e0o cua.<\/p>\n<p><img decoding=\"async\" src=\"https:\/\/cdn.gianhangvn.com\/image\/toyota-land-cruiser-2022-16-rzapo5n.jpg\" alt=\"\" \/><\/p>\n<p><img decoding=\"async\" src=\"https:\/\/cdn.gianhangvn.com\/image\/toyota-land-cruiser-2022-14-oxkfo5l.jpg\" alt=\"\" \/><\/p>\n<p>M\u1eabu xe \u0111a d\u1ee5ng thi\u00ean h\u01b0\u1edbng off-road n\u00ean n\u1ed5i b\u1eadt ngay th\u00e2n xe ch\u00ednh l\u00e0 v\u00e0nh h\u1ee3p kim 18 inch. H\u1ec7 th\u1ed1ng treo tay \u0111\u00f2n k\u00e9p ph\u00eda tr\u01b0\u1edbc v\u00e0 li\u00ean k\u1ebft 4 \u0111i\u1ec3m ph\u00eda sau.<\/p>\n<p><img decoding=\"async\" src=\"https:\/\/cdn.gianhangvn.com\/image\/toyota-land-cruiser-2022-11-rjlto5r.jpg\" alt=\"\" \/><\/p>\n<p>\u1ede ph\u00eda sau, b\u1ea3n n\u00e2ng c\u1ea5p Modellista ti\u1ebfp t\u1ee5c duy tr\u00ec phong c\u00e1ch th\u1ec3 thao khi \u0111\u01b0\u1ee3c b\u1ed5 sung th\u00eam b\u1ed9 khu\u1ebfch t\u00e1n kh\u1ecfe kho\u1eafn ph\u00eda sau<\/p>\n<p><img decoding=\"async\" src=\"https:\/\/cdn.gianhangvn.com\/image\/toyota-land-cruiser-2022-3-99a7o5f.jpg\" alt=\"\" \/><\/p>\n<p>&nbsp;<\/p>\n<h2 class=\"detail-content-title\">N\u1ed8I TH\u1ea4T<\/h2>\n<p>Khoang l\u00e1i Toyota Land Cruiser m\u1edbi d\u1ec5 \u0111\u00e1nh l\u1eeba c\u1ea3m nh\u1eadn ban \u0111\u1ea7u c\u1ee7a nhi\u1ec1u ng\u01b0\u1eddi khi thi\u1ebft k\u1ebf th\u1ef1c d\u1ee5ng, kh\u00f4ng nhi\u1ec1u n\u00e9t hi\u1ec7n \u0111\u1ea1i nh\u01b0ng \u1ea9n ch\u1ee9a r\u1ea5t nhi\u1ec1u c\u00f4ng ngh\u1ec7.<\/p>\n<p><img decoding=\"async\" src=\"https:\/\/cdn.gianhangvn.com\/image\/toyota-land-cruiser-2022-8-odobo5i.jpg\" alt=\"\" \/><\/p>\n<p>Xe s\u1eed d\u1ee5ng gh\u1ebf ng\u1ed3i b\u1ecdc da to\u00e0n b\u1ed9, v\u00f4-l\u0103ng \u1ed1p g\u1ed7-da, ch\u1ec9nh \u0111i\u1ec7n 4 h\u01b0\u1edbng. Thi\u1ebft k\u1ebf gh\u1ebf l\u00e1i ch\u1ec9nh \u0111i\u1ec7n 10 h\u01b0\u1edbng c\u00f3 t\u00ednh n\u0103ng nh\u1edb v\u1ecb tr\u00ed, gh\u1ebf h\u00e0nh kh\u00e1ch ch\u1ec9nh \u0111i\u1ec7n 8 h\u01b0\u1edbng. H\u00e0ng gh\u1ebf th\u1ee9 hai \u0111\u1ee5c l\u1ed7 th\u00f4ng gi\u00f3, h\u00e0ng th\u1ee9 ba ng\u1ea3 l\u01b0ng 50:50, g\u1eadp \u0111i\u1ec7n.<\/p>\n<p><img decoding=\"async\" src=\"https:\/\/cdn.gianhangvn.com\/image\/toyota-land-cruiser-2022-7-o1f1o5q.jpg\" alt=\"\" \/><\/p>\n<p>Toyota Land Cruiser \u0111\u01b0\u1ee3c trang b\u1ecb m\u00e0n h\u00ecnh gi\u1ea3i tr\u00ed trung t\u00e2m k\u00edch th\u01b0\u1edbc 12,3 inch c\u1ea3m \u1ee9ng, cho ph\u00e9p t\u01b0\u01a1ng th\u00edch Apple CarPlay\/Android Auto.<\/p>\n<p><img decoding=\"async\" src=\"https:\/\/cdn.gianhangvn.com\/image\/toyota-land-cruiser-2022-9-rs5zo5g.jpg\" alt=\"\" \/><\/p>\n<p>Xe c\u00f3 c\u1eeda s\u1ed5 tr\u1eddi, \u0111i\u1ec1u h\u00f2a 4 v\u00f9ng \u0111\u1ed9c l\u1eadp. Phanh tay \u0111i\u1ec7n t\u1eed. C\u1ed1p ch\u1ec9nh \u0111i\u1ec7n, m\u1edf r\u1ea3nh tay.<\/p>\n<p><img decoding=\"async\" src=\"https:\/\/cdn.gianhangvn.com\/image\/toyota-land-cruiser-2022-12-brkwo5j.jpg\" alt=\"\" \/><\/p>\n<p>&nbsp;<\/p>\n<h2 class=\"detail-content-title\">V\u1eacN H\u00c0NH<\/h2>\n<p>Toyota Land Cruiser 2022 s\u1eed d\u1ee5ng \u0111\u1ed9ng c\u01a1 m\u1edbi 3.5 V6 t\u0103ng \u00e1p, c\u00f4ng su\u1ea5t 409 m\u00e3 l\u1ef1c t\u1ea1i v\u00f2ng tua m\u00e1y 5.200 v\u00f2ng\/ph\u00fat, m\u00f4-men xo\u1eafn c\u1ef1c \u0111\u1ea1i 650 Nm t\u1ea1i 2.000-3.600 v\u00f2ng\/ph\u00fat. H\u1ed9p s\u1ed1 t\u1ef1 \u0111\u1ed9ng 10 c\u1ea5p, d\u1eabn \u0111\u1ed9ng 4 b\u00e1nh to\u00e0n th\u1eddi gian. Xe cung c\u1ea5p 3 ch\u1ebf \u0111\u1ed9 l\u00e1i Eco (ti\u1ebft ki\u1ec7m), Normal (th\u00f4ng th\u01b0\u1eddng) v\u00e0 Sport (th\u1ec3 thao) k\u00e8m h\u1ec7 th\u1ed1ng th\u00edch nghi \u0111a \u0111\u1ecba h\u00ecnh, d\u1eabn \u0111\u01b0\u1eddng Navigator.<\/p>\n<p><img decoding=\"async\" src=\"https:\/\/cdn.gianhangvn.com\/image\/toyota-land-cruiser-2022-4-of07o5p.jpg\" alt=\"\" \/><\/p>\n<p>&nbsp;<\/p>\n<h2 class=\"detail-content-title\">AN TO\u00c0N<\/h2>\n<p>M\u1eb7c d\u00f9 phi\u00ean b\u1ea3n t\u1ea1i Vi\u1ec7t Nam kh\u00f4ng c\u00f3 m\u00e0n h\u00ecnh hi\u1ec3n th\u1ecb tr\u00ean k\u00ednh l\u00e1i (HUD) nh\u01b0ng l\u1ea1i \u0111\u01b0\u1ee3c t\u00edch h\u1ee3p danh s\u00e1ch d\u00e0i c\u00e1c c\u00f4ng ngh\u1ec7 an to\u00e0n. Trong \u0111\u00f3, g\u00f3i c\u00f4ng ngh\u1ec7 an to\u00e0n TSS l\u00e0 \u0111i\u1ec3m nh\u1ea5n ch\u00ednh v\u1edbi nhi\u1ec1u t\u00ednh n\u0103ng nh\u01b0: \u0111i\u1ec1u khi\u1ec3n h\u00e0nh tr\u00ecnh ch\u1ee7 \u0111\u1ed9ng, camera 360 \u0111\u1ed9, h\u1ed7 tr\u1ee3 gi\u1eef l\u00e0n \u0111\u01b0\u1eddng, c\u1ea3nh b\u00e1o ph\u01b0\u01a1ng ti\u1ec7n c\u1eaft ngang, camera ph\u00e1t hi\u1ec7n v\u00e0 c\u1ea3nh b\u00e1o ng\u01b0\u1eddi ph\u00eda sau, c\u1ea3nh b\u00e1o \u0111i\u1ec3m m\u00f9, c\u1ea3nh b\u00e1o \u00e1p su\u1ea5t l\u1ed1p, 10 t\u00fai kh\u00ed.<\/p>\n<p><img decoding=\"async\" src=\"https:\/\/cdn.gianhangvn.com\/image\/toyota-land-cruiser-2022-5-oj91o5t.jpg\" alt=\"\" \/><\/p>\n","protected":false},"excerpt":{"rendered":"<p><strong>Land Cruiser VX<\/strong><br \/>\n<span style=\"color: #ed1c24;\"><strong>4,100,000,000 VN\u0110<\/strong><\/span><\/p>\n","protected":false},"featured_media":1593,"comment_status":"closed","ping_status":"closed","template":"","meta":[],"product_brand":[],"product_cat":[160],"product_tag":[170],"class_list":{"0":"post-1592","1":"product","2":"type-product","3":"status-publish","4":"has-post-thumbnail","6":"product_cat-xe-nhap-khau","7":"product_tag-land-cruiser","9":"first","10":"instock","11":"shipping-taxable","12":"product-type-simple"},"_links":{"self":[{"href":"https:\/\/toyotahtpthaibinh.com\/index.php?rest_route=\/wp\/v2\/product\/1592","targetHints":{"allow":["GET"]}}],"collection":[{"href":"https:\/\/toyotahtpthaibinh.com\/index.php?rest_route=\/wp\/v2\/product"}],"about":[{"href":"https:\/\/toyotahtpthaibinh.com\/index.php?rest_route=\/wp\/v2\/types\/product"}],"replies":[{"embeddable":true,"href":"https:\/\/toyotahtpthaibinh.com\/index.php?rest_route=%2Fwp%2Fv2%2Fcomments&post=1592"}],"wp:featuredmedia":[{"embeddable":true,"href":"https:\/\/toyotahtpthaibinh.com\/index.php?rest_route=\/wp\/v2\/media\/1593"}],"wp:attachment":[{"href":"https:\/\/toyotahtpthaibinh.com\/index.php?rest_route=%2Fwp%2Fv2%2Fmedia&parent=1592"}],"wp:term":[{"taxonomy":"product_brand","embeddable":true,"href":"https:\/\/toyotahtpthaibinh.com\/index.php?rest_route=%2Fwp%2Fv2%2Fproduct_brand&post=1592"},{"taxonomy":"product_cat","embeddable":true,"href":"https:\/\/toyotahtpthaibinh.com\/index.php?rest_route=%2Fwp%2Fv2%2Fproduct_cat&post=1592"},{"taxonomy":"product_tag","embeddable":true,"href":"https:\/\/toyotahtpthaibinh.com\/index.php?rest_route=%2Fwp%2Fv2%2Fproduct_tag&post=1592"}],"curies":[{"name":"wp","href":"https:\/\/api.w.org\/{rel}","templated":true}]}}