{"id":1560,"date":"2021-04-27T15:11:23","date_gmt":"2021-04-27T08:11:23","guid":{"rendered":"https:\/\/toyotahungthinhthaibinh.com\/?post_type=product&#038;p=1560"},"modified":"2022-09-10T16:13:17","modified_gmt":"2022-09-10T09:13:17","slug":"avanza","status":"publish","type":"product","link":"https:\/\/toyotahtpthaibinh.com\/?product=avanza","title":{"rendered":"Avanza"},"content":{"rendered":"<p>Di\u1ec7n m\u1ea1o tinh t\u1ebf, m\u1ea1nh m\u1ebd Toyota Avanza v\u1edbi thi\u1ebft k\u1ebf hi\u1ec7n \u0111\u1ea1i c\u00f9ng c\u00e1c \u0111\u01b0\u1eddng d\u1eadp n\u1ed5i b\u00ean th\u00e2n xe mang l\u1ea1i c\u1ea3m gi\u00e1c v\u1eefng ch\u00e3i v\u00e0 kh\u1ecfe kho\u1eafn.<\/p>\n<p><img decoding=\"async\" title=\"Toyota Avanza 1.5AT 2018 - H\u00ecnh 1\" src=\"https:\/\/cdn.gianhangvn.com\/image\/toyota-avanza-1-5at-2018-1-oxo8cyi.jpg\" alt=\"Toyota Avanza 1.5AT 2018 - H\u00ecnh 1\" \/><\/p>\n<p>Di\u1ec7n m\u1ea1o tinh t\u1ebf, m\u1ea1nh m\u1ebd Toyota Avanza<\/p>\n<h3>N\u1ed9i th\u1ea5t r\u1ed9ng r\u00e3i ti\u1ec7n nghi<\/h3>\n<p>Thi\u1ebft k\u1ebf \u0111\u01a1n gi\u1ea3n, hi\u1ec7n \u0111\u1ea1i, m\u00e0u s\u1eafc thanh l\u1ecbch c\u00f9ng nhi\u1ec1u kh\u00f4ng gian ti\u1ec7n \u00edch. Avanza l\u00e0 ng\u01b0\u1eddi b\u1ea1n \u0111\u1ed3ng h\u00e0nh th\u00e2n thi\u1ec7n cho m\u1ecdi gia \u0111\u00ecnh.<\/p>\n<p><img decoding=\"async\" title=\"Toyota Avanza 1.5AT 2018 - H\u00ecnh 2\" src=\"https:\/\/cdn.gianhangvn.com\/image\/toyota-avanza-1-5at-2018-2-rj3xcyj.jpg\" alt=\"Toyota Avanza 1.5AT 2018 - H\u00ecnh 2\" \/><\/p>\n<p>Thi\u1ebft k\u1ebf \u0111\u01a1n gi\u1ea3n, hi\u1ec7n \u0111\u1ea1i, m\u00e0u s\u1eafc thanh l\u1ecbch c\u00f9ng nhi\u1ec1u kh\u00f4ng gian ti\u1ec7n \u00edch<\/p>\n<h2 class=\"detail-content-title\">Ngo\u1ea1i th\u1ea5t<\/h2>\n<h3>\u0110\u1ea7u xe<\/h3>\n<p>L\u01b0\u1edbi t\u1ea3n nhi\u1ec7t li\u1ec1n m\u1ea1ch d\u1ea1ng thanh ngang c\u00f9ng c\u00e1c thi ti\u1ebft m\u1ea1 crom t\u1ea1o c\u1ea3m gi\u00e1c b\u1ec1 th\u1ebf t\u1eeb g\u00f3c nh\u00ecn ch\u00ednh di\u1ec7n.<\/p>\n<p><img decoding=\"async\" title=\"Toyota Avanza 1.5AT 2018 - H\u00ecnh 3\" src=\"https:\/\/cdn.gianhangvn.com\/image\/toyota-avanza-1-5at-2018-3-owckcyk.jpg\" alt=\"Toyota Avanza 1.5AT 2018 - H\u00ecnh 3\" \/><\/p>\n<p>L\u01b0\u1edbi t\u1ea3n nhi\u1ec7t li\u1ec1n m\u1ea1ch d\u1ea1ng thanh ngang c\u00f9ng c\u00e1c thi ti\u1ebft m\u1ea1 crom t\u1ea1o c\u1ea3m gi\u00e1c b\u1ec1 th\u1ebf t\u1eeb g\u00f3c nh\u00ecn ch\u00ednh di\u1ec7n.<\/p>\n<h3>C\u1ee5m \u0111\u00e8n tr\u01b0\u1edbc<\/h3>\n<p>\u0110\u00e8n Halogen ph\u1ea3n x\u1ea1 \u0111a h\u01b0\u1edbng v\u1edbi thi\u1ebft k\u1ebf s\u1eafc n\u00e9t.<\/p>\n<p><img decoding=\"async\" title=\"Toyota Avanza 1.5AT 2018 - H\u00ecnh 4\" src=\"https:\/\/cdn.gianhangvn.com\/image\/toyota-avanza-1-5at-2018-4-rv2lcyl.jpg\" alt=\"Toyota Avanza 1.5AT 2018 - H\u00ecnh 4\" \/><\/p>\n<p>\u0110\u00e8n Halogen ph\u1ea3n x\u1ea1 \u0111a h\u01b0\u1edbng v\u1edbi thi\u1ebft k\u1ebf s\u1eafc n\u00e9t.<\/p>\n<h3>\u0110\u00e8n s\u01b0\u01a1ng m\u00f9<\/h3>\n<p>\u0110\u00e8n s\u01b0\u01a1ng m\u00f9 t\u1ea1o \u0111i\u1ec3m nh\u1ea5n c\u00e1 t\u00ednh v\u00e0 mang \u0111\u1ebfn s\u1ef1 an to\u00e0n khi di chuy\u1ec3n trong \u0111i\u1ec1u ki\u1ec7n thi\u1ebfu s\u00e1ng.<\/p>\n<p><img decoding=\"async\" title=\"Toyota Avanza 1.5AT 2018 - H\u00ecnh 5\" src=\"https:\/\/cdn.gianhangvn.com\/image\/toyota-avanza-1-5at-2018-5-rztrcym.jpg\" alt=\"Toyota Avanza 1.5AT 2018 - H\u00ecnh 5\" \/><\/p>\n<p>\u0110\u00e8n s\u01b0\u01a1ng m\u00f9 t\u1ea1o \u0111i\u1ec3m nh\u1ea5n c\u00e1 t\u00ednh<\/p>\n<h3>G\u01b0\u01a1ng chi\u1ebfu h\u1eadu<\/h3>\n<p>G\u01b0\u01a1ng chi\u1ebfu h\u1eadu c\u00f3 ch\u1ee9c n\u0103ng ch\u1ec9nh \u0111i\u1ec7n v\u00e0 t\u00edch h\u1ee3p \u0111\u00e8n b\u00e1o r\u1ebd (1.5 AT) t\u1ea1o s\u1ef1 thu\u1eadn ti\u1ec7n cho ng\u01b0\u1eddi s\u1eed d\u1ee5ng.<\/p>\n<p><img decoding=\"async\" title=\"Toyota Avanza 1.5AT 2018 - H\u00ecnh 6\" src=\"https:\/\/cdn.gianhangvn.com\/image\/toyota-avanza-1-5at-2018-6-r8zpcyn.jpg\" alt=\"Toyota Avanza 1.5AT 2018 - H\u00ecnh 6\" \/><\/p>\n<p>G\u01b0\u01a1ng chi\u1ebfu h\u1eadu c\u00f3 ch\u1ee9c n\u0103ng ch\u1ec9nh \u0111i\u1ec7n v\u00e0 t\u00edch h\u1ee3p \u0111\u00e8n b\u00e1o r\u1ebd<\/p>\n<h3>\u0110u\u00f4i xe<\/h3>\n<p>Ph\u1ea7n \u0111u\u00f4i xe v\u1edbi c\u00e1c \u0111\u01b0\u1eddng g\u00e2n d\u1eadp n\u1ed5i c\u00f9ng thanh n\u1eb9p crom to\u00e1t l\u00ean v\u1ebb c\u00e1 t\u00ednh cho chi\u1ebfc xe.<\/p>\n<p><img decoding=\"async\" title=\"Toyota Avanza 1.5AT 2018 - H\u00ecnh 7\" src=\"https:\/\/cdn.gianhangvn.com\/image\/toyota-avanza-1-5at-2018-7-2xygcyo.jpg\" alt=\"Toyota Avanza 1.5AT 2018 - H\u00ecnh 7\" \/><\/p>\n<p>Ph\u1ea7n \u0111u\u00f4i xe v\u1edbi c\u00e1c \u0111\u01b0\u1eddng g\u00e2n d\u1eadp n\u1ed5i c\u00f9ng thanh n\u1eb9p crom to\u00e1t l\u00ean v\u1ebb c\u00e1 t\u00ednh<\/p>\n<h3>C\u1ee5m \u0111\u00e8n sau<\/h3>\n<p>\u0110\u00e8n halogen v\u1edbi thi\u1ebft k\u1ebf ch\u1ea1y d\u1ecdc th\u00e2n xe cho c\u1ea3m gi\u00e1c b\u1ec1 ngang r\u1ed9ng r\u00e3i.<\/p>\n<p><img decoding=\"async\" title=\"Toyota Avanza 1.5AT 2018 - H\u00ecnh 8\" src=\"https:\/\/cdn.gianhangvn.com\/image\/toyota-avanza-1-5at-2018-8-2jkqcyp.jpg\" alt=\"Toyota Avanza 1.5AT 2018 - H\u00ecnh 8\" \/><\/p>\n<p>\u0110\u00e8n halogen v\u1edbi thi\u1ebft k\u1ebf ch\u1ea1y d\u1ecdc th\u00e2n xe cho c\u1ea3m gi\u00e1c b\u1ec1 ngang r\u1ed9ng r\u00e3i.<\/p>\n<h3>C\u00e1nh h\u01b0\u1edbng gi\u00f3 sau<\/h3>\n<p>C\u00e1nh h\u01b0\u1edbng gi\u00f3 sau k\u1ebft h\u1ee3p c\u00f9ng \u0111\u00e8n b\u00e1o phanh tr\u00ean cao d\u1ea1ng LED, t\u0103ng th\u00eam s\u1ef1 an to\u00e0n v\u00e0 \u1ed5n \u0111\u1ecbnh khi v\u1eadn h\u00e0nh.<\/p>\n<p><img decoding=\"async\" title=\"Toyota Avanza 1.5AT 2018 - H\u00ecnh 9\" src=\"https:\/\/cdn.gianhangvn.com\/image\/toyota-avanza-1-5at-2018-9-918mcyq.jpg\" alt=\"Toyota Avanza 1.5AT 2018 - H\u00ecnh 9\" \/><\/p>\n<p>C\u00e1nh h\u01b0\u1edbng gi\u00f3 sau k\u1ebft h\u1ee3p c\u00f9ng \u0111\u00e8n b\u00e1o phanh tr\u00ean cao d\u1ea1ng LED<\/p>\n<h3>M\u00e2m xe<\/h3>\n<p>M\u00e2m xe 15 inch v\u00e0 m\u00e2m \u0111\u00fac 8 ch\u1ea5u tr\u1ebb trung, kho\u1ebb kho\u1eafn.<\/p>\n<p><img decoding=\"async\" title=\"Toyota Avanza 1.5AT 2018 - H\u00ecnh 10\" src=\"https:\/\/cdn.gianhangvn.com\/image\/toyota-avanza-1-5at-2018-10-bm45cyr.jpg\" alt=\"Toyota Avanza 1.5AT 2018 - H\u00ecnh 10\" \/><\/p>\n<p>M\u00e2m xe 15 inch v\u00e0 m\u00e2m \u0111\u00fac 8 ch\u1ea5u tr\u1ebb trung, kho\u1ebb kho\u1eafn.<\/p>\n<h2 class=\"detail-content-title\">N\u1ed9i th\u1ea5t<\/h2>\n<h3>G\u00f3c ngang n\u1ed9i th\u1ea5t<\/h3>\n<p><img decoding=\"async\" title=\"Toyota Avanza 1.5AT 2018 - H\u00ecnh 11\" src=\"https:\/\/cdn.gianhangvn.com\/image\/toyota-avanza-1-5at-2018-11-2715cys.jpg\" alt=\"Toyota Avanza 1.5AT 2018 - H\u00ecnh 11\" \/><\/p>\n<p>N\u1ed9i th\u1ea5t r\u1ed9ng r\u00e3i, ti\u1ec7n nghi gi\u00fap h\u00e0nh kh\u00e1ch tho\u1ea3i m\u00e1i, th\u01b0 gi\u00e3n tr\u00ean m\u1ecdi chuy\u1ebfn \u0111i.<\/p>\n<p>&nbsp;<\/p>\n<h3>Tay l\u00e1i<\/h3>\n<p>V\u00f4 l\u0103ng 3 ch\u1ea5u urethane t\u00edch h\u1ee3p \u0111i\u1ec1u ch\u1ec9nh \u00e2m thanh v\u00e0 tr\u1ee3 l\u1ef1c \u0111i\u1ec7n gi\u00fap v\u1eadn h\u00e0nh \u0111\u01a1n gi\u1ea3n, thu\u1eadn ti\u1ec7n.<\/p>\n<p><img decoding=\"async\" title=\"Toyota Avanza 1.5AT 2018 - H\u00ecnh 12\" src=\"https:\/\/cdn.gianhangvn.com\/image\/toyota-avanza-1-5at-2018-12-2mxjcyt.jpg\" alt=\"Toyota Avanza 1.5AT 2018 - H\u00ecnh 12\" \/><\/p>\n<p>V\u00f4 l\u0103ng 3 ch\u1ea5u urethane t\u00edch h\u1ee3p \u0111i\u1ec1u ch\u1ec9nh \u00e2m thanh v\u00e0 tr\u1ee3 l\u1ef1c \u0111i\u1ec7n<\/p>\n<h3>C\u1ee5m \u0111\u1ed3ng h\u1ed3<\/h3>\n<p>M\u00e0n h\u00ecnh analog v\u1edbi 3 v\u00f2ng \u0111\u1ed3ng h\u1ed3 k\u1ebft h\u1ee3p m\u00e0n h\u00ecnh hi\u1ec3n th\u1ecb \u0111a th\u00f4ng tin h\u1ed7 tr\u1ee3 t\u1ed1i \u0111a ng\u01b0\u1eddi d\u00f9ng.<\/p>\n<p><img decoding=\"async\" title=\"Toyota Avanza 1.5AT 2018 - H\u00ecnh 13\" src=\"https:\/\/cdn.gianhangvn.com\/image\/toyota-avanza-1-5at-2018-13-9bhqcyu.jpg\" alt=\"Toyota Avanza 1.5AT 2018 - H\u00ecnh 13\" \/><\/p>\n<p>M\u00e0n h\u00ecnh analog v\u1edbi 3 v\u00f2ng \u0111\u1ed3ng h\u1ed3 k\u1ebft h\u1ee3p m\u00e0n h\u00ecnh hi\u1ec3n th\u1ecb \u0111a th\u00f4ng tin<\/p>\n<h3>H\u00e0ng gh\u1ebf sau<\/h3>\n<p>H\u00e0ng gh\u1ebf sau c\u00f3 th\u1ec3 g\u1eadp th\u1eb3ng 60:40 linh ho\u1ea1t gi\u00fap gia t\u0103ng di\u1ec7n t\u00edch ch\u01b0a \u0111\u1ed3 khi c\u1ea7n thi\u1ebft.<\/p>\n<p><img decoding=\"async\" title=\"Toyota Avanza 1.5AT 2018 - H\u00ecnh 14\" src=\"https:\/\/cdn.gianhangvn.com\/image\/toyota-avanza-1-5at-2018-14-rgl3cyv.jpg\" alt=\"Toyota Avanza 1.5AT 2018 - H\u00ecnh 14\" \/><\/p>\n<p>H\u00e0ng gh\u1ebf sau c\u00f3 th\u1ec3 g\u1eadp th\u1eb3ng 60:40 linh ho\u1ea1t<\/p>\n<h3>H\u1ec7 th\u1ed1ng \u00e2m thanh<\/h3>\n<p>M\u00e0n h\u00ecnh DVD 7 inch (1.5 AT), 4 loa, k\u1ebft n\u1ed1i AUX\/ USB\/ bluetooth.<\/p>\n<p><img decoding=\"async\" title=\"Toyota Avanza 1.5AT 2018 - H\u00ecnh 15\" src=\"https:\/\/cdn.gianhangvn.com\/image\/toyota-avanza-1-5at-2018-15-b547cyw.jpg\" alt=\"Toyota Avanza 1.5AT 2018 - H\u00ecnh 15\" \/><\/p>\n<p>M\u00e0n h\u00ecnh DVD 7 inch (1.5 AT), 4 loa, k\u1ebft n\u1ed1i AUX\/ USB\/ bluetooth.<\/p>\n<h3>H\u1ec7 th\u1ed1ng \u0111i\u1ec1u h\u00f2a<\/h3>\n<p>\u0110i\u1ec1u ho\u00e0 ch\u1ec9nh tay v\u1edbi c\u1eeda gi\u00f3 \u1edf h\u00e0ng gh\u1ebf sau t\u1ea1o c\u1ea3m gi\u00e1c tho\u1ea3i m\u00e1i cho m\u1ecdi h\u00e0nh kh\u00e1ch.<\/p>\n<p><img decoding=\"async\" title=\"Toyota Avanza 1.5AT 2018 - H\u00ecnh 16\" src=\"https:\/\/cdn.gianhangvn.com\/image\/toyota-avanza-1-5at-2018-16-25i1cyx.jpg\" alt=\"Toyota Avanza 1.5AT 2018 - H\u00ecnh 16\" \/><\/p>\n<p>\u0110i\u1ec1u ho\u00e0 ch\u1ec9nh tay v\u1edbi c\u1eeda gi\u00f3 \u1edf h\u00e0ng gh\u1ebf sau<\/p>\n<h3>H\u1ed9c ch\u1ee9a \u0111\u1ed3<\/h3>\n<p>T\u00edch h\u1ee3p nhi\u1ec1u kh\u00f4ng gian ch\u1ee9a \u0111\u1ed3 ti\u1ec7n l\u1ee3i.<\/p>\n<p><img decoding=\"async\" title=\"Toyota Avanza 1.5AT 2018 - H\u00ecnh 17\" src=\"https:\/\/cdn.gianhangvn.com\/image\/toyota-avanza-1-5at-2018-17-r4xtcyy.jpg\" alt=\"Toyota Avanza 1.5AT 2018 - H\u00ecnh 17\" \/><\/p>\n<p>T\u00edch h\u1ee3p nhi\u1ec1u kh\u00f4ng gian ch\u1ee9a \u0111\u1ed3 ti\u1ec7n l\u1ee3i.<\/p>\n<h3>Khoang h\u00e0nh l\u00ed<\/h3>\n<p>Khoang h\u00e0nh l\u00fd r\u1ed9ng r\u00e3i, gh\u1ebf sau g\u1eadp linh ho\u1ea1t \u0111\u00e1p \u1ee9ng nhu c\u1ea7u s\u1eed d\u1ee5ng \u0111a d\u1ea1ng c\u1ee7a c\u00e1c th\u00e0nh vi\u00ean trong gia \u0111\u00ecnh.<\/p>\n<p><img decoding=\"async\" title=\"Toyota Avanza 1.5AT 2018 - H\u00ecnh 18\" src=\"https:\/\/cdn.gianhangvn.com\/image\/toyota-avanza-1-5at-2018-18-r6n9cyz.jpg\" alt=\"Toyota Avanza 1.5AT 2018 - H\u00ecnh 18\" \/><\/p>\n<p>Khoang h\u00e0nh l\u00fd r\u1ed9ng r\u00e3i, gh\u1ebf sau g\u1eadp linh ho\u1ea1i<\/p>\n<p>&nbsp;<\/p>\n<h2 class=\"detail-content-title\">V\u1eadn h\u00e0nh<\/h2>\n<h3>\u0110\u1ed9ng c\u01a1<\/h3>\n<p>\u0110\u1ed9ng c\u01a1 VVT &#8211; i k\u00e9p cho hi\u1ec7u su\u1ea5t cao, ti\u1ebft ki\u1ec7m nhi\u00ean li\u1ec7u v\u00e0 th\u00e2n thi\u1ec7n v\u1edbi m\u00f4i tr\u01b0\u1eddng.<\/p>\n<p><img decoding=\"async\" title=\"Toyota Avanza 1.5AT 2018 - H\u00ecnh 19\" src=\"https:\/\/cdn.gianhangvn.com\/image\/toyota-avanza-1-5at-2018-19-9fvacy0.jpg\" alt=\"Toyota Avanza 1.5AT 2018 - H\u00ecnh 19\" \/><\/p>\n<p>\u0110\u1ed9ng c\u01a1 VVT &#8211; i k\u00e9p cho hi\u1ec7u su\u1ea5t cao, ti\u1ebft ki\u1ec7m nhi\u00ean li\u1ec7u v\u00e0 th\u00e2n thi\u1ec7n v\u1edbi m\u00f4i tr\u01b0\u1eddng. H\u1ed9p s\u1ed1<\/p>\n<h3>H\u1ed9p s\u1ed1<\/h3>\n<p>Toyota Avanza c\u00f3 2 phi\u00ean b\u1ea3n s\u1ed1 s\u00e0n 5 c\u1ea5p tr\u00ean Toyota Avanza\u00a01.3MT\u00a0tr\u00ean v\u00e0 s\u1ed1 t\u1ef1 \u0111\u1ed9ng\u00a0\u00a0Toyota Avanza\u00a01.5AT<\/p>\n<p>&nbsp;<\/p>\n<div class=\"row\">\n<div class=\"col-sm-6\">\n<p><img decoding=\"async\" title=\"Toyota Avanza 1.5AT 2018 - H\u00ecnh 20\" src=\"https:\/\/cdn.gianhangvn.com\/image\/toyota-avanza-1-5at-2018-20-27w0cy1.jpg\" alt=\"Toyota Avanza 1.5AT 2018 - H\u00ecnh 20\" \/><\/p>\n<p>H\u1ed9p s\u1ed1 t\u1ef1 \u0111\u1ed9ng 4 c\u1ea5p Toyota Avanza\u00a01.5AT<\/p>\n<\/div>\n<div class=\"col-sm-6\">\n<p><img decoding=\"async\" title=\"Toyota Avanza 1.5AT 2018 - H\u00ecnh 21\" src=\"https:\/\/cdn.gianhangvn.com\/image\/toyota-avanza-1-5at-2018-21-ovapcy2.jpg\" alt=\"Toyota Avanza 1.5AT 2018 - H\u00ecnh 21\" \/><\/p>\n<p>H\u1ed9p s\u1ed1 s\u00e0n 5 c\u1ea5p tr\u00ean\u00a0Toyota Avanza 1.3MT<\/p>\n<\/div>\n<\/div>\n<h3>H\u1ec7 th\u1ed1ng treo tr\u01b0\u1edbc<\/h3>\n<p>H\u1ec7 th\u1ed1ng treo tr\u01b0\u1edbc gi\u00fap xe v\u1eadn h\u00e0nh \u00eam d\u1ecbu v\u00e0 \u0111\u1ea3m b\u1ea3o \u0111\u1ed9 b\u00e1m \u0111\u01b0\u1eddng cho b\u00e1nh xe.<\/p>\n<p>&nbsp;<\/p>\n<p><img decoding=\"async\" title=\"Toyota Avanza 1.5AT 2018 - H\u00ecnh 22\" src=\"https:\/\/cdn.gianhangvn.com\/image\/toyota-avanza-1-5at-2018-22-27y8cy3.jpg\" alt=\"Toyota Avanza 1.5AT 2018 - H\u00ecnh 22\" \/><\/p>\n<p>H\u1ec7 th\u1ed1ng treo tr\u01b0\u1edbc gi\u00fap xe v\u1eadn h\u00e0nh \u00eam d\u1ecbu v\u00e0 \u0111\u1ea3m b\u1ea3o \u0111\u1ed9 b\u00e1m \u0111\u01b0\u1eddng cho b\u00e1nh xe.<\/p>\n<h3>B\u00e1n k\u00ednh v\u00f2ng quay<\/h3>\n<p>B\u00e1n k\u00ednh v\u00f2ng quay t\u1ed1i thi\u1ec3u nh\u1ecf &#8211; 4.7m cho ph\u00e9p xe chuy\u1ec3n \u0111\u1ed9ng linh ho\u1ea1t tr\u00ean m\u1ecdi cung \u0111\u01b0\u1eddng.<\/p>\n<p><img decoding=\"async\" title=\"Toyota Avanza 1.5AT 2018 - H\u00ecnh 23\" src=\"https:\/\/cdn.gianhangvn.com\/image\/toyota-avanza-1-5at-2018-23-27nkcy4.jpg\" alt=\"Toyota Avanza 1.5AT 2018 - H\u00ecnh 23\" \/><\/p>\n<p>B\u00e1n k\u00ednh v\u00f2ng quay t\u1ed1i thi\u1ec3u nh\u1ecf &#8211; 4.7m<\/p>\n<h2 class=\"detail-content-title\">An to\u00e0n<\/h2>\n<h3>T\u00fai kh\u00ed<\/h3>\n<p>Hai t\u00fai kh\u00ed trang b\u1ecb cho ng\u01b0\u1eddi l\u00e1i v\u00e0 h\u00e0nh kh\u00e1ch ph\u00eda tr\u01b0\u1edbc mang l\u1ea1i s\u1ef1 an t\u00e2m trong m\u1ed7i chuy\u1ebfn \u0111i.<\/p>\n<p><img decoding=\"async\" title=\"Toyota Avanza 1.5AT 2018 - H\u00ecnh 24\" src=\"https:\/\/cdn.gianhangvn.com\/image\/toyota-avanza-1-5at-2018-24-ogsfcy5.jpg\" alt=\"Toyota Avanza 1.5AT 2018 - H\u00ecnh 24\" \/><\/p>\n<p>Hai t\u00fai kh\u00ed trang b\u1ecb cho ng\u01b0\u1eddi l\u00e1i v\u00e0 h\u00e0nh kh\u00e1ch ph\u00eda tr\u01b0\u1edbc<\/p>\n<h3>H\u1ec7 th\u1ed1ng ph\u00e2n ph\u1ed1i l\u1ef1c phanh \u0111i\u1ec7n t\u1eed<\/h3>\n<p>H\u1ec7 th\u1ed1ng ph\u00e2n\u00a0ph\u1ed1i l\u1ef1c phanh \u0111i\u1ec7n t\u1eed EBD ph\u00e2n b\u1ed1 l\u1ef1c phanh h\u1ee3p l\u00fd \u0111\u1ebfn c\u00e1c b\u00e1nh xe, gi\u00fap n\u00e2ng cao hi\u1ec7u qu\u1ea3 phanh, \u0111\u1eb7c bi\u1ec7t khi xe \u0111ang ch\u1ea5t t\u1ea3i v\u00e0 c\u00e0o cua.<\/p>\n<p><img decoding=\"async\" title=\"Toyota Avanza 1.5AT 2018 - H\u00ecnh 25\" src=\"https:\/\/cdn.gianhangvn.com\/image\/toyota-avanza-1-5at-2018-25-bfrccy6.jpg\" alt=\"Toyota Avanza 1.5AT 2018 - H\u00ecnh 25\" \/><\/p>\n<p>H\u1ec7 th\u1ed1ng ph\u00e2n ph\u1ed1i l\u1ef1c phanh \u0111i\u1ec7n t\u1eed<\/p>\n<h3>H\u1ec7 th\u1ed1ng ch\u1ed1ng c\u1ee9ng b\u00f3 phanh (ABS)<\/h3>\n<p>ABS gi\u00fap c\u00e1c b\u00e1nh xe kh\u00f4ng b\u1ecb b\u00f3 c\u1ee9ng khi phanh g\u1ea5p hay phanh tr\u00ean \u0111\u01b0\u1eddng tr\u01a1n tr\u01b0\u1ee3t, \u0111\u1ea3m b\u1ea3o an to\u00e0n cho ng\u01b0\u1eddi l\u00e1i v\u00e0 h\u00e0nh kh\u00e1ch tr\u00ean xe.<\/p>\n<p><img decoding=\"async\" title=\"Toyota Avanza 1.5AT 2018 - H\u00ecnh 26\" src=\"https:\/\/cdn.gianhangvn.com\/image\/toyota-avanza-1-5at-2018-26-93jocy7.jpg\" alt=\"Toyota Avanza 1.5AT 2018 - H\u00ecnh 26\" \/><\/p>\n<p>H\u1ec7 th\u1ed1ng ch\u1ed1ng c\u1ee9ng b\u00f3 phanh (ABS)<\/p>\n<h3>D\u00e2y \u0111ai an to\u00e0n<\/h3>\n<p>D\u00e2y an to\u00e0n 3 \u0111i\u1ec3m \u0111\u01b0\u1ee3c trang b\u1ecb \u1edf t\u1ea5t c\u1ea3 c\u00e1c v\u1ecb tr\u00ed gh\u1ebf ng\u1ed3i gi\u00fap b\u1ea3o v\u1ec7 c\u00e1c th\u00e0nh vi\u00ean trong m\u1ecdi t\u00ecnh hu\u1ed1ng.<\/p>\n<p><img decoding=\"async\" title=\"Toyota Avanza 1.5AT 2018 - H\u00ecnh 27\" src=\"https:\/\/cdn.gianhangvn.com\/image\/toyota-avanza-1-5at-2018-27-220kcy8.jpg\" alt=\"Toyota Avanza 1.5AT 2018 - H\u00ecnh 27\" \/><\/p>\n<p>D\u00e2y an to\u00e0n 3 \u0111i\u1ec3m \u0111\u01b0\u1ee3c trang b\u1ecb \u1edf t\u1ea5t c\u1ea3 c\u00e1c v\u1ecb tr\u00ed gh\u1ebf ng\u1ed3i<\/p>\n","protected":false},"excerpt":{"rendered":"<p style=\"background: white; margin: 0cm 0cm 6.0pt 0cm;\"><span style=\"font-size: 100%;\"><strong><span style=\"font-family: Arial, sans-serif; color: #454545;\">Avanza Premio CVT<br style=\"box-sizing: border-box;\" \/><\/span><span style=\"font-family: Arial, sans-serif; color: red;\"><span style=\"box-sizing: border-box;\">598,000,000 VN\u0110<\/span><\/span><\/strong><\/span><\/p>\n<p style=\"margin: 0cm; background: white; box-sizing: border-box; font-variant-ligatures: normal; font-variant-caps: normal; orphans: 2; text-align: start; widows: 2; -webkit-text-stroke-width: 0px; text-decoration-thickness: initial; text-decoration-style: initial; text-decoration-color: initial; word-spacing: 0px;\"><span style=\"font-size: 100%;\"><strong><span style=\"font-family: Arial, sans-serif; color: #454545;\">Avanza Premio MT<br style=\"box-sizing: border-box;\" \/><\/span><span style=\"font-family: Arial, sans-serif; color: red;\"><span style=\"box-sizing: border-box;\">558,000,000 VN\u0110<\/span><\/span><\/strong><\/span><\/p>\n","protected":false},"featured_media":1561,"comment_status":"closed","ping_status":"closed","template":"","meta":[],"product_brand":[],"product_cat":[160],"product_tag":[165],"class_list":{"0":"post-1560","1":"product","2":"type-product","3":"status-publish","4":"has-post-thumbnail","6":"product_cat-xe-nhap-khau","7":"product_tag-avanza","9":"first","10":"instock","11":"shipping-taxable","12":"product-type-simple"},"_links":{"self":[{"href":"https:\/\/toyotahtpthaibinh.com\/index.php?rest_route=\/wp\/v2\/product\/1560","targetHints":{"allow":["GET"]}}],"collection":[{"href":"https:\/\/toyotahtpthaibinh.com\/index.php?rest_route=\/wp\/v2\/product"}],"about":[{"href":"https:\/\/toyotahtpthaibinh.com\/index.php?rest_route=\/wp\/v2\/types\/product"}],"replies":[{"embeddable":true,"href":"https:\/\/toyotahtpthaibinh.com\/index.php?rest_route=%2Fwp%2Fv2%2Fcomments&post=1560"}],"wp:featuredmedia":[{"embeddable":true,"href":"https:\/\/toyotahtpthaibinh.com\/index.php?rest_route=\/wp\/v2\/media\/1561"}],"wp:attachment":[{"href":"https:\/\/toyotahtpthaibinh.com\/index.php?rest_route=%2Fwp%2Fv2%2Fmedia&parent=1560"}],"wp:term":[{"taxonomy":"product_brand","embeddable":true,"href":"https:\/\/toyotahtpthaibinh.com\/index.php?rest_route=%2Fwp%2Fv2%2Fproduct_brand&post=1560"},{"taxonomy":"product_cat","embeddable":true,"href":"https:\/\/toyotahtpthaibinh.com\/index.php?rest_route=%2Fwp%2Fv2%2Fproduct_cat&post=1560"},{"taxonomy":"product_tag","embeddable":true,"href":"https:\/\/toyotahtpthaibinh.com\/index.php?rest_route=%2Fwp%2Fv2%2Fproduct_tag&post=1560"}],"curies":[{"name":"wp","href":"https:\/\/api.w.org\/{rel}","templated":true}]}}