{"id":1556,"date":"2021-04-27T15:08:59","date_gmt":"2021-04-27T08:08:59","guid":{"rendered":"https:\/\/toyotahungthinhthaibinh.com\/?post_type=product&#038;p=1556"},"modified":"2022-09-10T16:09:59","modified_gmt":"2022-09-10T09:09:59","slug":"alphard-luxury","status":"publish","type":"product","link":"https:\/\/toyotahtpthaibinh.com\/?product=alphard-luxury","title":{"rendered":"Alphard Luxury"},"content":{"rendered":"<p class=\"box-title\"><strong>Toyota Alphard Luxury 2020<\/strong>\u00a0s\u1edf h\u1eefu r\u1ea5t nhi\u1ec1u n\u00e2ng c\u1ea5p t\u1eeb ki\u1ec3u d\u00e1ng, trang b\u1ecb ti\u1ec7n nghi cho \u0111\u1ebfn kh\u1ea3 n\u0103ng v\u1eadn h\u00e0nh. Xe s\u1ebd c\u00f3 gi\u00e1 cao h\u01a1n 500 tri\u1ec7u \u0111\u1ed3ng so v\u1edbi th\u1ebf h\u1ec7 c\u0169. Kh\u00e1ch h\u00e0ng s\u1ebd ho\u00e0n to\u00e0n y\u00ean t\u00e2m v\u00ec Alphard 2020 Luxury th\u1ebf h\u1ec7 m\u1edbi ho\u00e0n to\u00e0n x\u1ee9ng \u0111\u00e1ng v\u1edbi s\u1ed1 ti\u1ec1n ch\u1ee7 nh\u00e2n b\u1ecf ra.<\/p>\n<div class=\"content mb-3\">\n<figure class=\"figure fluid\"><a href=\"https:\/\/cdn.dailyxe.com.vn\/image\/tong-quan-alphard-luxury-01-58815j.jpg\" data-fancybox=\"gallery\"><img decoding=\"async\" class=\"figure-img img-replaced lazy-loading-image loaded\" title=\"Alphard 2019 Luxury thi\u1ebft k\u1ebf sang tr\u1ecdng\" src=\"https:\/\/cdn.dailyxe.com.vn\/image\/tong-quan-alphard-luxury-01-58815j.jpg\" alt=\"Alphard 2019 Luxury thi\u1ebft k\u1ebf sang tr\u1ecdng\" \/><\/a><figcaption>Alphard 2020 Luxury thi\u1ebft k\u1ebf sang tr\u1ecdng<\/figcaption><\/figure>\n<p>M\u1eabu xe chuy\u00ean c\u01a1 m\u1eb7t \u0111\u1ea5t n\u00e0y \u0111\u00e1nh d\u1ea5u m\u1ee9c gi\u00e1 k\u1ec9 l\u1ee5c khi x\u1ea5p x\u1ec9 4 t\u1ec9 v\u00e0 m\u1ee9c gi\u00e1 n\u00e0y v\u01b0\u1ee3t m\u1eb7t c\u1ea3 ng\u01b0\u1eddi anh em Sienna (ch\u1ec9 kho\u1ea3ng 3,5 t\u1ec9) v\u00e0 v\u01b0\u1ee3t tr\u1ed9i h\u01a1n h\u1eb3n \u0111\u1ed1i th\u1ee7 Mercedes-Benz V250 Aventgarde (gi\u00e1 ch\u1ec9 2 t\u1ef7 569 tri\u1ec7u \u0111\u1ed3ng), h\u01a1n h\u1eb3n Kia Sedona 2019 (gi\u00e1 t\u1eeb 1,129 \u2013 1,429 t\u1ef7). H\u00e3y c\u00f9ng DailyXe ti\u1ebfp t\u1ee5c kh\u00e1m ph\u00e1 chi ti\u1ebft Toyota Alphard Luxury 2020<\/p>\n<h2 id=\"NgoaiThat\" class=\"box-title\">Ngo\u1ea1i th\u1ea5t<\/h2>\n<div class=\"content mb-3\">\n<p>Toyota Alphard 2020 Luxury s\u1edf h\u1eefu h\u00ecnh d\u00e1ng to\u00e1t l\u00ean v\u1ebd h\u1ea7m h\u1ed1 v\u00e0 sang tr\u1ecdng v\u1edbi k\u00edch th\u01b0\u1edbc t\u1ed5ng th\u1ec3 l\u1ea7n l\u01b0\u1ee3t l\u00e0 4945 x 1850 x 1890 mm. Thi\u1ebft k\u1ebf \u0111\u1ea7u xe \u1ea5n t\u01b0\u1ee3ng v\u1edbi trang b\u1ecb l\u01b0\u1edbi t\u1ea3n nhi\u1ec7t m\u1ea1 crom c\u1ee1 l\u1edbn gi\u00fap xe tr\u1edf n\u00ean m\u1ea1nh m\u1ebd v\u00e0 kh\u00e1 d\u1eef t\u1ee3n.<\/p>\n<figure class=\"figure fluid\"><a href=\"https:\/\/cdn.dailyxe.com.vn\/image\/ngoai-that-alphard-luxury-01-58816j.jpg\" data-fancybox=\"gallery\"><img decoding=\"async\" class=\"figure-img img-replaced lazy-loading-image loaded\" title=\"Toyota Alphard 2019 Luxury s\u1edf h\u1eefu h\u00ecnh d\u00e1ng to\u00e1t l\u00ean v\u1ebd h\u1ea7m h\u1ed1 v\u00e0 sang tr\u1ecdng\" src=\"https:\/\/cdn.dailyxe.com.vn\/image\/ngoai-that-alphard-luxury-01-58816j.jpg\" alt=\"Toyota Alphard 2019 Luxury s\u1edf h\u1eefu h\u00ecnh d\u00e1ng to\u00e1t l\u00ean v\u1ebd h\u1ea7m h\u1ed1 v\u00e0 sang tr\u1ecdng\" \/><\/a><figcaption>Toyota Alphard 2020 Luxury s\u1edf h\u1eefu h\u00ecnh d\u00e1ng to\u00e1t l\u00ean v\u1ebd h\u1ea7m h\u1ed1 v\u00e0 sang tr\u1ecdng<\/figcaption><\/figure>\n<figure class=\"figure fluid\"><a href=\"https:\/\/cdn.dailyxe.com.vn\/image\/ngoai-that-alphard-luxury-02-58822j.jpg\" data-fancybox=\"gallery\"><img decoding=\"async\" class=\"figure-img img-replaced lazy-loading-image loaded\" title=\"L\u01b0\u1edbi t\u1ea3n nhi\u1ec7t thi\u1ebft k\u1ebf h\u1ea7m h\u1ed1\" src=\"https:\/\/cdn.dailyxe.com.vn\/image\/ngoai-that-alphard-luxury-02-58822j.jpg\" alt=\"L\u01b0\u1edbi t\u1ea3n nhi\u1ec7t thi\u1ebft k\u1ebf h\u1ea7m h\u1ed1\" \/><\/a><figcaption>L\u01b0\u1edbi t\u1ea3n nhi\u1ec7t thi\u1ebft k\u1ebf h\u1ea7m h\u1ed1<\/figcaption><\/figure>\n<p>Alphard Luxury s\u1eed d\u1ee5ng c\u1ee5m \u0111\u00e8n pha, \u0111\u00e8n s\u01b0\u01a1ng m\u00f9 c\u00f4ng ngh\u1ec7 LED gi\u00fap chi\u1ebfc xe lu\u00f4n n\u1ed5i b\u1eadt khi di chuy\u1ec3n tr\u00ean \u0111\u01b0\u1eddng. Ngo\u00e0i ra, xe c\u00f2n \u0111\u01b0\u1ee3c trang b\u1ecb c\u00f4ng ngh\u1ec7 c\u00e2n b\u1eb1ng g\u00f3c chi\u1ebfu hi\u1ec7n \u0111\u1ea1i.<\/p>\n<figure class=\"figure fluid\"><a href=\"https:\/\/cdn.dailyxe.com.vn\/image\/ngoai-that-alphard-luxury-04-58818j.jpg\" data-fancybox=\"gallery\"><img decoding=\"async\" class=\"figure-img img-replaced lazy-loading-image loaded\" title=\"\u0110\u00e8n pha s\u1eed d\u1ee5ng c\u00f4ng ngh\u1ec7 LED\" src=\"https:\/\/cdn.dailyxe.com.vn\/image\/ngoai-that-alphard-luxury-04-58818j.jpg\" alt=\"\u0110\u00e8n pha s\u1eed d\u1ee5ng c\u00f4ng ngh\u1ec7 LED\" \/><\/a><figcaption>\u0110\u00e8n pha s\u1eed d\u1ee5ng c\u00f4ng ngh\u1ec7 LED<\/figcaption><\/figure>\n<p>Thi\u1ebft k\u1ebf h\u00f4ng xe b\u1ec1 th\u1ebf c\u1ee9ng c\u00e1p v\u00e0 ch\u1eafc ch\u1eafn. G\u01b0\u01a1ng chi\u1ebfu h\u1eadu cho ph\u00e9p ch\u1ec9nh\/g\u1eadp \u0111i\u1ec7n t\u00edch h\u1ee3p \u0111\u00e8n b\u00e1o r\u1ebd, ngo\u00e0i ra c\u00f2n c\u00f3 c\u1ea3 kh\u1ea3 n\u0103ng nh\u1edb v\u1ecb tr\u00ed v\u00e0 ch\u1ed1ng b\u00e1m n\u01b0\u1edbc. Xe s\u1eed d\u1ee5ng b\u1ed9 la z\u0103ng 18 inch ph\u00f9 h\u1ee3p v\u1edbi th\u00e2n h\u00ecnh b\u1ec1 th\u1ebf.<\/p>\n<figure class=\"figure fluid\"><a href=\"https:\/\/cdn.dailyxe.com.vn\/image\/ngoai-that-alphard-luxury-05-58821j.jpg\" data-fancybox=\"gallery\"><img decoding=\"async\" class=\"figure-img img-replaced lazy-loading-image loaded\" title=\"Th\u00e2n xe thi\u1ebft k\u1ebf c\u1ee9ng c\u00e1p v\u00e0 ch\u1eafc ch\u1eafn\" src=\"https:\/\/cdn.dailyxe.com.vn\/image\/ngoai-that-alphard-luxury-05-58821j.jpg\" alt=\"Th\u00e2n xe thi\u1ebft k\u1ebf c\u1ee9ng c\u00e1p v\u00e0 ch\u1eafc ch\u1eafn\" \/><\/a><figcaption>Th\u00e2n xe thi\u1ebft k\u1ebf c\u1ee9ng c\u00e1p v\u00e0 ch\u1eafc ch\u1eafn<\/figcaption><\/figure>\n<figure class=\"figure fluid\"><a href=\"https:\/\/cdn.dailyxe.com.vn\/image\/ngoai-that-alphard-luxury-03-58819j.jpg\" data-fancybox=\"gallery\"><img decoding=\"async\" class=\"figure-img img-replaced lazy-loading-image loaded\" title=\"G\u01b0\u01a1ng chi\u1ebfu h\u1eadu t\u00edch h\u1ee3p \u0111\u00e8n r\u1ebd b\u00e1o\" src=\"https:\/\/cdn.dailyxe.com.vn\/image\/ngoai-that-alphard-luxury-03-58819j.jpg\" alt=\"G\u01b0\u01a1ng chi\u1ebfu h\u1eadu t\u00edch h\u1ee3p \u0111\u00e8n r\u1ebd b\u00e1o\" \/><\/a><figcaption>G\u01b0\u01a1ng chi\u1ebfu h\u1eadu t\u00edch h\u1ee3p \u0111\u00e8n r\u1ebd b\u00e1o<\/figcaption><\/figure>\n<figure class=\"figure fluid\"><a href=\"https:\/\/cdn.dailyxe.com.vn\/image\/ngoai-that-alphard-luxury-06-58817j.jpg\" data-fancybox=\"gallery\"><img decoding=\"async\" class=\"figure-img img-replaced lazy-loading-image loaded\" title=\"La z\u0103ng 18 inch\" src=\"https:\/\/cdn.dailyxe.com.vn\/image\/ngoai-that-alphard-luxury-06-58817j.jpg\" alt=\"La z\u0103ng 18 inch\" \/><\/a><figcaption>La z\u0103ng 18 inch<\/figcaption><\/figure>\n<p>Nh\u1eefng \u0111\u01b0\u1eddng n\u00e9t vu\u00f4ng v\u1ee9c v\u00e0 g\u00f3c c\u1ea1nh ph\u00eda sau xe gi\u00fap ph\u1ea7n \u0111u\u00f4i xe tr\u1edf n\u00ean v\u1eefng ch\u00e3i. C\u1ee5m \u0111\u00e8n h\u1eadu LED \u0111\u01b0\u1ee3c vu\u1ed1t cong tinh t\u1ebf v\u00e0 n\u1ed1i li\u1ec1n v\u1edbi nhau b\u1edfi m\u1ed9t thanh ngang m\u1ea1 crom to b\u1ea3n gi\u00fap t\u1ed5ng th\u1ec3 \u0111u\u00f4i xe tr\u1edf n\u00ean h\u00e0i h\u00f2a v\u00e0 \u0111\u1eb9p m\u1eaft.<\/p>\n<figure class=\"figure fluid\"><a href=\"https:\/\/cdn.dailyxe.com.vn\/image\/ngoai-that-alphard-luxury-07-58820j.jpg\" data-fancybox=\"gallery\"><img decoding=\"async\" class=\"figure-img img-replaced lazy-loading-image loaded\" title=\"C\u1ee5m \u0111\u00e8n h\u1eadu LED \u0111\u01b0\u1ee3c vu\u1ed1t cong tinh t\u1ebf\" src=\"https:\/\/cdn.dailyxe.com.vn\/image\/ngoai-that-alphard-luxury-07-58820j.jpg\" alt=\"C\u1ee5m \u0111\u00e8n h\u1eadu LED \u0111\u01b0\u1ee3c vu\u1ed1t cong tinh t\u1ebf\" \/><\/a><figcaption>C\u1ee5m \u0111\u00e8n h\u1eadu LED \u0111\u01b0\u1ee3c vu\u1ed1t cong tinh t\u1ebf<\/p>\n<h2 id=\"NoiThat\" class=\"box-title\">N\u1ed9i th\u1ea5t<\/h2>\n<div class=\"content mb-3\">\n<p>Xe s\u1edf h\u1eefu chi\u1ec1u d\u00e0i c\u01a1 s\u1edf l\u00ean \u0111\u1ebfn 3000 mm n\u00ean Toyota Alphard 2019 Luxury l\u00e0 chi\u1ebfc xe r\u1ed9ng r\u00e3i nh\u1ea5t trong ph\u00e2n kh\u00fac MPV. Xe c\u00f2n \u0111\u01b0\u1ee3c trang b\u1ecb c\u1eeda s\u1ed5 tr\u1eddi Panoramic cho ph\u00e9p h\u00e0nh kh\u00e1ch t\u1eadn h\u01b0\u1edfng b\u1ea7u kh\u00f4ng kh\u00ed tho\u00e1ng \u0111\u00e3ng t\u1eeb m\u00f4i tr\u01b0\u1eddng ngo\u00e0i. Trang b\u1ecb \u0111\u00e8n tr\u1ea7n xe s\u1edf h\u1eefu 16 m\u00e0u s\u1eafc cho ph\u00e9p ng\u01b0\u1eddi d\u00f9ng t\u00f9y ch\u1ec9nh theo s\u1edf th\u00edch c\u1ee7a m\u00ecnh.<\/p>\n<figure class=\"figure fluid\"><a href=\"https:\/\/cdn.dailyxe.com.vn\/image\/noi-that-alphard-luxury-01-58826j.jpg\" data-fancybox=\"gallery\"><img decoding=\"async\" class=\"figure-img img-replaced lazy-loading-image loaded\" title=\"N\u1ed9i th\u1ea5t sang tr\u1ecdng\" src=\"https:\/\/cdn.dailyxe.com.vn\/image\/noi-that-alphard-luxury-01-58826j.jpg\" alt=\"N\u1ed9i th\u1ea5t sang tr\u1ecdng\" \/><\/a><figcaption>N\u1ed9i th\u1ea5t sang tr\u1ecdng<\/figcaption><\/figure>\n<figure class=\"figure fluid\"><a href=\"https:\/\/cdn.dailyxe.com.vn\/image\/noi-that-alphard-luxury-02-58835j.jpg\" data-fancybox=\"gallery\"><img decoding=\"async\" class=\"figure-img img-replaced lazy-loading-image loaded\" title=\"C\u1eeda s\u1ed5 tr\u1eddi Panoramic cho ph\u00e9p h\u00e0nh kh\u00e1ch t\u1eadn h\u01b0\u1edfng b\u1ea7u kh\u00f4ng kh\u00ed tho\u00e1ng \u0111\u00e3ng\" src=\"https:\/\/cdn.dailyxe.com.vn\/image\/noi-that-alphard-luxury-02-58835j.jpg\" alt=\"C\u1eeda s\u1ed5 tr\u1eddi Panoramic cho ph\u00e9p h\u00e0nh kh\u00e1ch t\u1eadn h\u01b0\u1edfng b\u1ea7u kh\u00f4ng kh\u00ed tho\u00e1ng \u0111\u00e3ng\" \/><\/a><figcaption>C\u1eeda s\u1ed5 tr\u1eddi Panoramic cho ph\u00e9p h\u00e0nh kh\u00e1ch t\u1eadn h\u01b0\u1edfng b\u1ea7u kh\u00f4ng kh\u00ed tho\u00e1ng \u0111\u00e3ng<\/figcaption><\/figure>\n<p>Alphard Luxury m\u1edbi 2020 s\u1edf h\u1eefu tay l\u00e1i 4 ch\u1ea5u b\u1ecdc da t\u00edch h\u1ee3p ch\u1ee9c n\u0103ng s\u01b0\u1edfi v\u00e0 cho ph\u00e9p \u0111i\u1ec1u ch\u1ec9nh 4 h\u01b0\u1edbng hi\u1ec7n \u0111\u1ea1i. Ph\u00eda sau tay l\u00e1i l\u00e0 trang b\u1ecb m\u00e0n h\u00ecnh v\u00e0 c\u1ee5m \u0111\u1ed3ng h\u1ed3 hi\u1ec3n th\u1ecb c\u00e1c th\u00f4ng tin v\u1eadn h\u00e0nh c\u1ee7a xe.<\/p>\n<figure class=\"figure fluid\"><a href=\"https:\/\/cdn.dailyxe.com.vn\/image\/noi-that-alphard-luxury-03-58827j.jpg\" data-fancybox=\"gallery\"><img decoding=\"async\" class=\"figure-img img-replaced lazy-loading-image loaded\" title=\"Tay l\u00e1i 4 ch\u1ea5u b\u1ecdc da t\u00edch h\u1ee3p ch\u1ee9c n\u0103ng s\u01b0\u1edfi \" src=\"https:\/\/cdn.dailyxe.com.vn\/image\/noi-that-alphard-luxury-03-58827j.jpg\" alt=\"Tay l\u00e1i 4 ch\u1ea5u b\u1ecdc da t\u00edch h\u1ee3p ch\u1ee9c n\u0103ng s\u01b0\u1edfi \" \/><\/a><figcaption>Tay l\u00e1i 4 ch\u1ea5u b\u1ecdc da t\u00edch h\u1ee3p ch\u1ee9c n\u0103ng s\u01b0\u1edfi<\/figcaption><\/figure>\n<figure class=\"figure fluid\"><a href=\"https:\/\/cdn.dailyxe.com.vn\/image\/noi-that-alphard-luxury-04-58836j.jpg\" data-fancybox=\"gallery\"><img decoding=\"async\" class=\"figure-img img-replaced lazy-loading-image loaded\" title=\"C\u1ee5m \u0111\u1ed3ng h\u1ed3 hi\u1ec3n th\u1ecb c\u00e1c th\u00f4ng tin\" src=\"https:\/\/cdn.dailyxe.com.vn\/image\/noi-that-alphard-luxury-04-58836j.jpg\" alt=\"C\u1ee5m \u0111\u1ed3ng h\u1ed3 hi\u1ec3n th\u1ecb c\u00e1c th\u00f4ng tin\" \/><\/a><figcaption>C\u1ee5m \u0111\u1ed3ng h\u1ed3 hi\u1ec3n th\u1ecb c\u00e1c th\u00f4ng tin<\/figcaption><\/figure>\n<p>T\u1ea5t c\u1ea3 gh\u1ebf ng\u1ed3i c\u1ee7a xe \u0111\u1ec1u \u0111\u01b0\u1ee3c b\u1ecdc da sang tr\u1ecdng. Gh\u1ebf l\u00e1i ch\u1ec9nh \u0111i\u1ec7n 6 h\u01b0\u1edbng v\u1edbi ch\u1ee9c n\u0103ng tr\u01b0\u1ee3t t\u1ef1 \u0111\u1ed9ng. Gh\u1ebf h\u00e0nh kh\u00e1ch ph\u00eda tr\u01b0\u1edbc ch\u1ec9nh \u0111i\u1ec7n 4 h\u01b0\u1edbng v\u00e0 \u0111\u1ec7m ch\u00e2n \u0111i\u1ec1u khi\u1ec3n \u0111i\u1ec7n.<\/p>\n<figure class=\"figure fluid\"><a href=\"https:\/\/cdn.dailyxe.com.vn\/image\/noi-that-alphard-luxury-06-58831j.jpg\" data-fancybox=\"gallery\"><img decoding=\"async\" class=\"figure-img img-replaced lazy-loading-image loaded\" title=\"Gh\u1ebf da cao c\u1ea5p\" src=\"https:\/\/cdn.dailyxe.com.vn\/image\/noi-that-alphard-luxury-06-58831j.jpg\" alt=\"Gh\u1ebf da cao c\u1ea5p\" \/><\/a><figcaption>Gh\u1ebf da cao c\u1ea5p<\/figcaption><\/figure>\n<p>H\u00e0ng gh\u1ebf VIP th\u1ee9 2 cho ph\u00e9p ch\u1ec9nh \u0111i\u1ec7n 4 h\u01b0\u1edbng v\u00e0 c\u00f3 trang b\u1ecb \u0111\u1ec7m \u0111\u1ec3 ch\u00e2n ch\u1ec9nh 4 h\u01b0\u1edbng c\u00f3 t\u00ednh n\u0103ng s\u01b0\u1edfi gh\u1ebf\/th\u00f4ng gi\u00f3 gi\u00fap h\u00e0nh kh\u00e1ch c\u00f3 chuy\u1ebfn \u0111i th\u1eadt tho\u1ea3i m\u00e1i.<\/p>\n<figure class=\"figure fluid\"><a href=\"https:\/\/cdn.dailyxe.com.vn\/image\/noi-that-alphard-luxury-07-58832j.jpg\" data-fancybox=\"gallery\"><img decoding=\"async\" class=\"figure-img img-replaced lazy-loading-image loaded\" title=\"Gh\u1ebf da cao c\u1ea5p\" src=\"https:\/\/cdn.dailyxe.com.vn\/image\/noi-that-alphard-luxury-07-58832j.jpg\" alt=\"Gh\u1ebf da cao c\u1ea5p\" \/><\/a><figcaption>Gh\u1ebf da cao c\u1ea5p<\/figcaption><\/figure>\n<p>H\u00e0ng gh\u1ebf th\u1ee9 3 d\u1ea1ng gh\u1ebf li\u1ec1n c\u00f3 trang b\u1ecb 3 t\u1ef1a \u0111\u1ea7u gi\u00fap nh\u1eefng h\u00e0nh kh\u00e1ch ng\u1ed3i t\u1ea1i v\u1ecb tr\u00ed n\u00e0y lu\u00f4n \u0111\u01b0\u1ee3c th\u01b0 gi\u1ea3n. H\u00e0ng gh\u1ebf th\u1ee9 3 cho ph\u00e9p g\u1eadp 50:50 gi\u00fap t\u0103ng di\u1ec7n t\u00edch c\u1ee7a kh\u00f4ng gian ch\u1ee9a \u0111\u1ed3.<\/p>\n<figure class=\"figure fluid\"><a href=\"https:\/\/cdn.dailyxe.com.vn\/image\/noi-that-alphard-luxury-07-58832j.jpg\" data-fancybox=\"gallery\"><img decoding=\"async\" class=\"figure-img img-replaced lazy-loading-image loaded\" title=\"Gh\u1ebf da cao c\u1ea5p\" src=\"https:\/\/cdn.dailyxe.com.vn\/image\/noi-that-alphard-luxury-07-58832j.jpg\" alt=\"Gh\u1ebf da cao c\u1ea5p\" \/><\/a><figcaption>Gh\u1ebf da cao c\u1ea5p<\/figcaption><\/figure>\n<p>Alphard 2020 Luxury \u0111\u01b0\u1ee3c trang b\u1ecb h\u1ec7 th\u1ed1ng \u0111i\u1ec1u h\u00f2a t\u1ef1 \u0111\u1ed9ng 3 v\u00f9ng \u0111\u1ed9c l\u1eadp 2 d\u00e0n l\u1ea1nh. \u0110\u1eb7c bi\u1ec7t, xe c\u00f2n c\u00f3 b\u1ed9 l\u1ecdc b\u1ee5i b\u1ea9n ho\u1ea1t t\u00ednh gi\u00fap b\u1ea3o v\u1ec7 s\u1ee9c kh\u1ecfe cho h\u00e0nh kh\u00e1ch tr\u00ean xe trong nh\u1eefng chuy\u1ebfn \u0111i d\u00e0i.<\/p>\n<figure class=\"figure fluid\"><a href=\"https:\/\/cdn.dailyxe.com.vn\/image\/noi-that-alphard-luxury-08-58830j.jpg\" data-fancybox=\"gallery\"><img decoding=\"async\" class=\"figure-img img-replaced lazy-loading-image loaded\" title=\"H\u1ec7 th\u1ed1ng \u0111i\u1ec1u h\u00f2a t\u1ef1 \u0111\u1ed9ng\" src=\"https:\/\/cdn.dailyxe.com.vn\/image\/noi-that-alphard-luxury-08-58830j.jpg\" alt=\"H\u1ec7 th\u1ed1ng \u0111i\u1ec1u h\u00f2a t\u1ef1 \u0111\u1ed9ng\" \/><\/a><figcaption>H\u1ec7 th\u1ed1ng \u0111i\u1ec1u h\u00f2a t\u1ef1 \u0111\u1ed9ng<\/figcaption><\/figure>\n<p>H\u1ec7 th\u1ed1ng th\u00f4ng tin gi\u1ea3i tr\u00ed c\u1ee7a Alphard 2020 Luxury v\u1edbi nh\u1eefng t\u00ednh n\u0103ng \u0111\u00e1ng ch\u00fa \u00fd nh\u01b0 trang b\u1ecb \u0111\u1ea7u DVD\/CD, m\u00e0n h\u00ecnh trung t\u00e2m 8 inch, m\u00e0n h\u00ecnh 9 inch cho h\u00e0ng gh\u1ebf sau, trng b\u1ecb \u0111\u00e0m tho\u1ea1i r\u1ea3nh tay, k\u1ebft n\u1ed1i Bluetooth, c\u1ed5ng USB, AUX, radio, 17 loa JBL.<\/p>\n<figure class=\"figure fluid\"><a href=\"https:\/\/cdn.dailyxe.com.vn\/image\/noi-that-alphard-luxury-09-58834j.jpg\" data-fancybox=\"gallery\"><img decoding=\"async\" class=\"figure-img img-replaced lazy-loading-image loaded\" title=\"M\u00e0n h\u00ecnh trung t\u00e2m 8 inch\" src=\"https:\/\/cdn.dailyxe.com.vn\/image\/noi-that-alphard-luxury-09-58834j.jpg\" alt=\"M\u00e0n h\u00ecnh trung t\u00e2m 8 inch\" \/><\/a><figcaption>M\u00e0n h\u00ecnh trung t\u00e2m 8 inch<\/figcaption><\/figure>\n<figure class=\"figure fluid\"><a href=\"https:\/\/cdn.dailyxe.com.vn\/image\/noi-that-alphard-luxury-10-58828j.jpg\" data-fancybox=\"gallery\"><img decoding=\"async\" class=\"figure-img img-replaced lazy-loading-image loaded\" title=\"N\u1ed9i th\u1ea5t da cao c\u1ea5p\" src=\"https:\/\/cdn.dailyxe.com.vn\/image\/noi-that-alphard-luxury-10-58828j.jpg\" alt=\"N\u1ed9i th\u1ea5t da cao c\u1ea5p\" \/><\/a><figcaption>N\u1ed9i th\u1ea5t da cao c\u1ea5p<\/figcaption><\/figure>\n<figure class=\"figure fluid\"><a href=\"https:\/\/cdn.dailyxe.com.vn\/image\/noi-that-alphard-luxury-11-58829j.jpg\" data-fancybox=\"gallery\"><img decoding=\"async\" class=\"figure-img img-replaced lazy-loading-image loaded\" title=\"Ch\u1ee9c n\u0103ng \u0111i\u1ec1u ch\u1ec9nh cho gh\u1ebf kh\u00e1ch\" src=\"https:\/\/cdn.dailyxe.com.vn\/image\/noi-that-alphard-luxury-11-58829j.jpg\" alt=\"Ch\u1ee9c n\u0103ng \u0111i\u1ec1u ch\u1ec9nh cho gh\u1ebf kh\u00e1ch\" \/><\/a><figcaption>Ch\u1ee9c n\u0103ng \u0111i\u1ec1u ch\u1ec9nh cho gh\u1ebf kh\u00e1c<\/p>\n<h2 id=\"VanHanh\" class=\"box-title\">V\u1eadn h\u00e0nh<\/h2>\n<div class=\"content mb-3\">\n<p>Xe s\u1eed d\u1ee5ng kh\u1ed1i \u0111\u1ed9ng c\u01a1 X\u0103ng V6 3.5L 24 van, DOHC v\u1edbi VVT-I k\u00e9p cho kh\u1ea3 n\u0103ng s\u1ea3n sinh c\u00f4ng su\u1ea5t c\u1ef1c \u0111\u1ea1i 296 m\u00e3 l\u1ef1c, m\u00f4 men xo\u1eafn t\u1ed1i \u0111a 361 Nm. Xe s\u1eed d\u1ee5ng h\u1ed9p s\u1ed1 t\u1ef1 \u0111\u1ed9ng 8 c\u1ea5p mang \u0111\u1ebfn c\u1ea3m gi\u00e1c l\u00e1i m\u01b0\u1ee3t m\u00e0.<\/p>\n<p>Xe s\u1eed d\u1ee5ng tay l\u00e1i tr\u1ee3 l\u1ef1c \u0111i\u1ec7n gi\u00fap vi\u1ec7c \u0111\u00e1nh l\u00e1i tr\u00ean Alphard 2019 Luxury tr\u1edf n\u00ean nh\u1eb9 nh\u00e0ng.<\/p>\n<p>V\u1ec1 m\u1ee9c ti\u00eau hao nhi\u00ean li\u1ec7u, trong khu v\u1ef1c \u0111\u00f4 th\u1ecb, xe ti\u00eau hao 12L\/100km, c\u00f2n khu v\u1ef1c ngo\u00e0i \u0111\u00f4 th\u1ecb xe ti\u00eau hao 7.7L\/100km v\u00e0 m\u1ee9c ti\u00eau hao k\u1ebft h\u1ee3p \u0111\u1ea1t 9.3L\/100km.<\/p>\n<p>Kho\u1ea3ng g\u1ea7m xe cao 165 mm gi\u00fap xe v\u01b0\u1ee3t \u0111\u1ecba h\u00ecnh thu\u1eadn l\u1ee3i c\u00f9ng v\u1edbi b\u1ed9 phanh tr\u01b0\u1edbc\/ sau d\u1ea1ng \u0111\u0129a t\u1ea3n nhi\u1ec7t. Chi\u1ebfc MPV b\u1edbt \u0111i ph\u1ea7n rung l\u1eafc khi di chuy\u1ec3n tr\u00ean \u0111\u01b0\u1eddng nh\u1edd b\u1ed9 l\u1ed1p d\u00e0y 235\/50R18 v\u00e0 treo tr\u01b0\u1edbc\/sau d\u1ea1ng \u0111\u1ed9c l\u1eadp Macpherson\/ tay \u0111\u00f2n k\u00e9p.<\/p>\n<figure class=\"figure fluid\"><a href=\"https:\/\/cdn.dailyxe.com.vn\/image\/van-hanh-alphard-luxury-02-58837j.jpg\" data-fancybox=\"gallery\"><img decoding=\"async\" class=\"figure-img img-replaced lazy-loading-image loaded\" title=\"X\u0103ng V6 3.5L 24 van m\u1ea1nh m\u1ebd\" src=\"https:\/\/cdn.dailyxe.com.vn\/image\/van-hanh-alphard-luxury-02-58837j.jpg\" alt=\"X\u0103ng V6 3.5L 24 van m\u1ea1nh m\u1ebd\" \/><\/a><figcaption>X\u0103ng V6 3.5L 24 van m\u1ea1nh m\u1ebd<\/figcaption><\/figure>\n<figure class=\"figure fluid\"><a href=\"https:\/\/cdn.dailyxe.com.vn\/image\/van-hanh-alphard-luxury-01-58838j.jpg\" data-fancybox=\"gallery\"><img decoding=\"async\" class=\"figure-img img-replaced lazy-loading-image loaded\" title=\"H\u1ed9p s\u1ed1 t\u1ef1 \u0111\u1ed9ng ti\u1ebft ki\u1ec7m x\u0103ng\" src=\"https:\/\/cdn.dailyxe.com.vn\/image\/van-hanh-alphard-luxury-01-58838j.jpg\" alt=\"H\u1ed9p s\u1ed1 t\u1ef1 \u0111\u1ed9ng ti\u1ebft ki\u1ec7m x\u0103ng\" \/><\/a><figcaption>H\u1ed9p s\u1ed1 t\u1ef1 \u0111\u1ed9ng ti\u1ebft ki\u1ec7m x\u0103ng<\/p>\n<h2 id=\"AnToan\" class=\"box-title\">An to\u00e0n<\/h2>\n<div class=\"content mb-3\">\n<p><strong>Trang b\u1ecb an to\u00e0n c\u1ee7a Toyota Alphard 2020 Luxury g\u1ed3m<\/strong><\/p>\n<ul>\n<li>7 t\u00fai kh\u00ed<\/li>\n<li>D\u00e2y \u0111ai an to\u00e0n 3 \u0111i\u1ec3m t\u1ea5t c\u1ea3 v\u1ecb tr\u00ed gh\u1ebf,<\/li>\n<li>H\u1ec7 th\u1ed1ng ch\u1ed1ng b\u00f3 c\u1ee9ng phanh ABS<\/li>\n<li>H\u1ed7 tr\u1ee3 l\u1ef1c phanh kh\u1ea9n c\u1ea5p EBA<\/li>\n<li>Ph\u00e2n ph\u1ed1i l\u1ef1c phanh \u0111i\u1ec7n t\u1eed EBD<\/li>\n<li>Ki\u1ec3m so\u00e1t l\u1ef1c k\u00e9o TRC<\/li>\n<li>\u1ed4n \u0111\u1ecbnh th\u00e2n xe VSC<\/li>\n<li>Camera l\u00f9i<\/li>\n<li>H\u1ed7 tr\u1ee3 kh\u1ecfi h\u00e0nh ngang d\u1ed1c HAC<\/li>\n<li>Ki\u1ec3m so\u00e1t \u0111i\u1ec3m m\u00f9<\/li>\n<li>H\u1ed7 tr\u1ee3 chuy\u1ec3n l\u00e0n<\/li>\n<li>C\u1ea3nh b\u00e1o ph\u01b0\u01a1ng ti\u1ec7n c\u1eaft ngang ph\u00eda sau c\u00f9ng c\u1ea3m bi\u1ebfn h\u1ed7 tr\u1ee3 \u0111\u1ed7 xe tr\u01b0\u1edbc sau\u2026<\/li>\n<\/ul>\n<\/div>\n<\/figcaption><\/figure>\n<\/div>\n<\/figcaption><\/figure>\n<\/div>\n<\/figcaption><\/figure>\n<\/div>\n<\/div>\n","protected":false},"excerpt":{"rendered":"<p><span style=\"font-size: 100%;\"><strong>Alphard<\/strong><\/span><br \/>\n<span style=\"color: #ed1c24; font-size: 100%;\"><strong>4,280,000,000 VN\u0110<\/strong><\/span><\/p>\n","protected":false},"featured_media":1557,"comment_status":"closed","ping_status":"closed","template":"","meta":[],"product_brand":[],"product_cat":[160],"product_tag":[164],"class_list":{"0":"post-1556","1":"product","2":"type-product","3":"status-publish","4":"has-post-thumbnail","6":"product_cat-xe-nhap-khau","7":"product_tag-alphard-luxury","9":"first","10":"instock","11":"shipping-taxable","12":"product-type-simple"},"_links":{"self":[{"href":"https:\/\/toyotahtpthaibinh.com\/index.php?rest_route=\/wp\/v2\/product\/1556","targetHints":{"allow":["GET"]}}],"collection":[{"href":"https:\/\/toyotahtpthaibinh.com\/index.php?rest_route=\/wp\/v2\/product"}],"about":[{"href":"https:\/\/toyotahtpthaibinh.com\/index.php?rest_route=\/wp\/v2\/types\/product"}],"replies":[{"embeddable":true,"href":"https:\/\/toyotahtpthaibinh.com\/index.php?rest_route=%2Fwp%2Fv2%2Fcomments&post=1556"}],"wp:featuredmedia":[{"embeddable":true,"href":"https:\/\/toyotahtpthaibinh.com\/index.php?rest_route=\/wp\/v2\/media\/1557"}],"wp:attachment":[{"href":"https:\/\/toyotahtpthaibinh.com\/index.php?rest_route=%2Fwp%2Fv2%2Fmedia&parent=1556"}],"wp:term":[{"taxonomy":"product_brand","embeddable":true,"href":"https:\/\/toyotahtpthaibinh.com\/index.php?rest_route=%2Fwp%2Fv2%2Fproduct_brand&post=1556"},{"taxonomy":"product_cat","embeddable":true,"href":"https:\/\/toyotahtpthaibinh.com\/index.php?rest_route=%2Fwp%2Fv2%2Fproduct_cat&post=1556"},{"taxonomy":"product_tag","embeddable":true,"href":"https:\/\/toyotahtpthaibinh.com\/index.php?rest_route=%2Fwp%2Fv2%2Fproduct_tag&post=1556"}],"curies":[{"name":"wp","href":"https:\/\/api.w.org\/{rel}","templated":true}]}}