{"id":446,"date":"2019-07-29T17:50:22","date_gmt":"2019-07-29T10:50:22","guid":{"rendered":"https:\/\/www.hondanamdinh.com\/?page_id=446"},"modified":"2022-02-14T09:45:55","modified_gmt":"2022-02-14T02:45:55","slug":"lien-he","status":"publish","type":"page","link":"https:\/\/toyotahtpthaibinh.com\/?page_id=446","title":{"rendered":"Li\u00ean h\u1ec7"},"content":{"rendered":"<h3 style=\"text-align: center;\"><span style=\"font-size: 180%; color: #ed1c24;\"><strong>LI\u00caN H\u1ec6:<\/strong><\/span><\/h3>\n<h4 style=\"text-align: center;\"><span style=\"font-size: 180%;\"><strong>MR. PH\u1ea0M LONG V\u0168<\/strong><\/span><\/h4>\n<h4 style=\"text-align: center;\"><span style=\"font-size: 180%;\"><strong><span style=\"font-size: 90%;\">S\u1ed0 \u0110I\u1ec6N THO\u1ea0I: <span style=\"text-decoration: underline;\"><span style=\"color: #ed1c24; text-decoration: underline;\"><a style=\"color: #ed1c24; text-decoration: underline;\" href=\"http:\/\/TEL: 0989637823\">0989.637.823<\/a><\/span><\/span><\/span><\/strong><\/span><\/h4>\n<h4 style=\"text-align: center;\"><span style=\"font-size: 150%;\"><strong>\u0110\u1ecaA CH\u1ec8: <\/strong><\/span><strong style=\"font-size: 14.4px;\"><span style=\"font-size: 150%;\">B\u00d9NG BINH GIAO L\u1ed8 \u0110\u00d4NG H\u00d2A &#8211; TP. TH\u00c1I B\u00ccNH<\/span><\/strong><\/h4>\n<h4 style=\"text-align: center;\"><span style=\"font-size: 150%;\"><strong>EMAIL: vu.autok@gmail.com<\/strong><\/span><\/h4>\n","protected":false},"excerpt":{"rendered":"<p>LI\u00caN H\u1ec6: MR. PH\u1ea0M LONG V\u0168 S\u1ed0 \u0110I\u1ec6N THO\u1ea0I: 0989.637.823 \u0110\u1ecaA CH\u1ec8: B\u00d9NG BINH GIAO L\u1ed8 \u0110\u00d4NG H\u00d2A &#8211; TP. TH\u00c1I B\u00ccNH EMAIL: vu.autok@gmail.com<\/p>\n","protected":false},"author":1,"featured_media":0,"parent":0,"menu_order":0,"comment_status":"closed","ping_status":"closed","template":"","meta":{"footnotes":""},"class_list":["post-446","page","type-page","status-publish","hentry"],"_links":{"self":[{"href":"https:\/\/toyotahtpthaibinh.com\/index.php?rest_route=\/wp\/v2\/pages\/446","targetHints":{"allow":["GET"]}}],"collection":[{"href":"https:\/\/toyotahtpthaibinh.com\/index.php?rest_route=\/wp\/v2\/pages"}],"about":[{"href":"https:\/\/toyotahtpthaibinh.com\/index.php?rest_route=\/wp\/v2\/types\/page"}],"author":[{"embeddable":true,"href":"https:\/\/toyotahtpthaibinh.com\/index.php?rest_route=\/wp\/v2\/users\/1"}],"replies":[{"embeddable":true,"href":"https:\/\/toyotahtpthaibinh.com\/index.php?rest_route=%2Fwp%2Fv2%2Fcomments&post=446"}],"version-history":[{"count":15,"href":"https:\/\/toyotahtpthaibinh.com\/index.php?rest_route=\/wp\/v2\/pages\/446\/revisions"}],"predecessor-version":[{"id":1701,"href":"https:\/\/toyotahtpthaibinh.com\/index.php?rest_route=\/wp\/v2\/pages\/446\/revisions\/1701"}],"wp:attachment":[{"href":"https:\/\/toyotahtpthaibinh.com\/index.php?rest_route=%2Fwp%2Fv2%2Fmedia&parent=446"}],"curies":[{"name":"wp","href":"https:\/\/api.w.org\/{rel}","templated":true}]}}